{"id":4991,"date":"2025-10-13T18:00:38","date_gmt":"2025-10-13T18:00:38","guid":{"rendered":"https:\/\/www.quimicafarvet.com.mx\/site\/?page_id=4991"},"modified":"2025-10-13T18:04:08","modified_gmt":"2025-10-13T18:04:08","slug":"haxcel","status":"publish","type":"page","link":"https:\/\/www.quimicafarvet.com.mx\/site\/haxcel\/","title":{"rendered":"HAXCEL"},"content":{"rendered":"\t\t<div data-elementor-type=\"wp-page\" data-elementor-id=\"4991\" class=\"elementor elementor-4991\" data-elementor-post-type=\"page\">\n\t\t\t\t<div class=\"elementor-element elementor-element-2a456279 e-grid e-con-boxed e-con e-parent\" data-id=\"2a456279\" data-element_type=\"container\" data-e-type=\"container\">\n\t\t\t\t\t<div class=\"e-con-inner\">\n\t\t\t\t<div class=\"elementor-element elementor-element-40a25f9 elementor-widget elementor-widget-image\" data-id=\"40a25f9\" data-element_type=\"widget\" data-e-type=\"widget\" data-widget_type=\"image.default\">\n\t\t\t\t\t\t\t\t\t\t\t\t\t\t\t<img fetchpriority=\"high\" decoding=\"async\" width=\"300\" height=\"245\" src=\"https:\/\/www.quimicafarvet.com.mx\/site\/wp-content\/uploads\/2025\/10\/haxcel-300x245-1.png\" class=\"attachment-large size-large wp-image-4999\" alt=\"\" srcset=\"https:\/\/www.quimicafarvet.com.mx\/site\/wp-content\/uploads\/2025\/10\/haxcel-300x245-1.png 300w, https:\/\/www.quimicafarvet.com.mx\/site\/wp-content\/uploads\/2025\/10\/haxcel-300x245-1-1x1.png 1w, https:\/\/www.quimicafarvet.com.mx\/site\/wp-content\/uploads\/2025\/10\/haxcel-300x245-1-10x8.png 10w\" sizes=\"(max-width: 300px) 100vw, 300px\" \/>\t\t\t\t\t\t\t\t\t\t\t\t\t\t\t<\/div>\n\t\t<div class=\"elementor-element elementor-element-720920e9 e-con-full e-grid e-con e-child\" data-id=\"720920e9\" data-element_type=\"container\" data-e-type=\"container\">\n\t\t\t\t<div class=\"elementor-element elementor-element-528fb616 elementor-widget elementor-widget-heading\" data-id=\"528fb616\" data-element_type=\"widget\" data-e-type=\"widget\" data-widget_type=\"heading.default\">\n\t\t\t\t\t<h2 class=\"elementor-heading-title elementor-size-default\">HAXCEL\n<\/h2>\t\t\t\t<\/div>\n\t\t\t\t<div class=\"elementor-element elementor-element-14377988 elementor-widget elementor-widget-heading\" data-id=\"14377988\" data-element_type=\"widget\" data-e-type=\"widget\" data-widget_type=\"heading.default\">\n\t\t\t\t\t<h2 class=\"elementor-heading-title elementor-size-default\">N\u00daMERO DE REGISTRO Q-5918-062<\/h2>\t\t\t\t<\/div>\n\t\t\t\t<div class=\"elementor-element elementor-element-7cfd1c23 elementor-widget elementor-widget-heading\" data-id=\"7cfd1c23\" data-element_type=\"widget\" data-e-type=\"widget\" data-widget_type=\"heading.default\">\n\t\t\t\t\t<h2 class=\"elementor-heading-title elementor-size-default\">USO VETERINARIO\nANTIBI\u00d3TICO\nPOLVO EST\u00c9RIL PARA RECONSTITUIR EN SOLUCI\u00d3N INYECTABLE<\/h2>\t\t\t\t<\/div>\n\t\t\t\t<\/div>\n\t\t\t\t\t<\/div>\n\t\t\t\t<\/div>\n\t\t<div class=\"elementor-element elementor-element-415c9170 e-grid e-con-boxed e-con e-parent\" data-id=\"415c9170\" data-element_type=\"container\" data-e-type=\"container\">\n\t\t\t\t\t<div class=\"e-con-inner\">\n\t\t\t\t<div class=\"elementor-element elementor-element-58e4202 elementor-widget elementor-widget-spacer\" data-id=\"58e4202\" data-element_type=\"widget\" data-e-type=\"widget\" data-widget_type=\"spacer.default\">\n\t\t\t\t\t\t\t<div class=\"elementor-spacer\">\n\t\t\t<div class=\"elementor-spacer-inner\"><\/div>\n\t\t<\/div>\n\t\t\t\t\t\t<\/div>\n\t\t\t\t\t<\/div>\n\t\t\t\t<\/div>\n\t\t<div class=\"elementor-element elementor-element-3c9e6296 e-grid e-con-boxed e-con e-parent\" data-id=\"3c9e6296\" data-element_type=\"container\" data-e-type=\"container\">\n\t\t\t\t\t<div class=\"e-con-inner\">\n\t\t\t\t<div class=\"elementor-element elementor-element-2562b9aa elementor-widget elementor-widget-heading\" data-id=\"2562b9aa\" data-element_type=\"widget\" data-e-type=\"widget\" data-widget_type=\"heading.default\">\n\t\t\t\t\t<h2 class=\"elementor-heading-title elementor-size-default\">USO EN: <\/h2>\t\t\t\t<\/div>\n\t\t\t\t\t<\/div>\n\t\t\t\t<\/div>\n\t\t<div class=\"elementor-element elementor-element-503499a6 e-grid e-con-boxed e-con e-parent\" data-id=\"503499a6\" data-element_type=\"container\" data-e-type=\"container\">\n\t\t\t\t\t<div class=\"e-con-inner\">\n\t\t\t\t<div class=\"elementor-element elementor-element-60b55ef0 elementor-widget elementor-widget-image\" data-id=\"60b55ef0\" data-element_type=\"widget\" data-e-type=\"widget\" data-widget_type=\"image.default\">\n\t\t\t\t\t\t\t\t\t\t\t\t\t\t\t<img decoding=\"async\" width=\"150\" height=\"150\" src=\"https:\/\/www.quimicafarvet.com.mx\/site\/wp-content\/uploads\/2025\/09\/imgi_9_porcinos_icon-300x300-1-150x150.jpg\" class=\"attachment-thumbnail size-thumbnail wp-image-2747\" alt=\"\" srcset=\"https:\/\/www.quimicafarvet.com.mx\/site\/wp-content\/uploads\/2025\/09\/imgi_9_porcinos_icon-300x300-1-150x150.jpg 150w, https:\/\/www.quimicafarvet.com.mx\/site\/wp-content\/uploads\/2025\/09\/imgi_9_porcinos_icon-300x300-1-100x100.jpg 100w, https:\/\/www.quimicafarvet.com.mx\/site\/wp-content\/uploads\/2025\/09\/imgi_9_porcinos_icon-300x300-1-1x1.jpg 1w, https:\/\/www.quimicafarvet.com.mx\/site\/wp-content\/uploads\/2025\/09\/imgi_9_porcinos_icon-300x300-1-10x10.jpg 10w, https:\/\/www.quimicafarvet.com.mx\/site\/wp-content\/uploads\/2025\/09\/imgi_9_porcinos_icon-300x300-1.jpg 300w\" sizes=\"(max-width: 150px) 100vw, 150px\" \/>\t\t\t\t\t\t\t\t\t\t\t\t\t\t\t<\/div>\n\t\t\t\t<div class=\"elementor-element elementor-element-7b113cab elementor-widget elementor-widget-image\" data-id=\"7b113cab\" data-element_type=\"widget\" data-e-type=\"widget\" data-widget_type=\"image.default\">\n\t\t\t\t\t\t\t\t\t\t\t\t\t\t\t<img decoding=\"async\" width=\"150\" height=\"150\" src=\"https:\/\/www.quimicafarvet.com.mx\/site\/wp-content\/uploads\/2025\/09\/imgi_14_felinos_icon-300x300-1-150x150.jpg\" class=\"attachment-thumbnail size-thumbnail wp-image-2741\" alt=\"\" srcset=\"https:\/\/www.quimicafarvet.com.mx\/site\/wp-content\/uploads\/2025\/09\/imgi_14_felinos_icon-300x300-1-150x150.jpg 150w, https:\/\/www.quimicafarvet.com.mx\/site\/wp-content\/uploads\/2025\/09\/imgi_14_felinos_icon-300x300-1-100x100.jpg 100w, https:\/\/www.quimicafarvet.com.mx\/site\/wp-content\/uploads\/2025\/09\/imgi_14_felinos_icon-300x300-1-1x1.jpg 1w, https:\/\/www.quimicafarvet.com.mx\/site\/wp-content\/uploads\/2025\/09\/imgi_14_felinos_icon-300x300-1-10x10.jpg 10w, https:\/\/www.quimicafarvet.com.mx\/site\/wp-content\/uploads\/2025\/09\/imgi_14_felinos_icon-300x300-1.jpg 300w\" sizes=\"(max-width: 150px) 100vw, 150px\" \/>\t\t\t\t\t\t\t\t\t\t\t\t\t\t\t<\/div>\n\t\t\t\t<div class=\"elementor-element elementor-element-23f068fb elementor-widget elementor-widget-image\" data-id=\"23f068fb\" data-element_type=\"widget\" data-e-type=\"widget\" data-widget_type=\"image.default\">\n\t\t\t\t\t\t\t\t\t\t\t\t\t\t\t<img loading=\"lazy\" decoding=\"async\" width=\"150\" height=\"150\" src=\"https:\/\/www.quimicafarvet.com.mx\/site\/wp-content\/uploads\/2025\/09\/imgi_23_caninos_icon-300x300-1-150x150.jpg\" class=\"attachment-thumbnail size-thumbnail wp-image-2755\" alt=\"\" srcset=\"https:\/\/www.quimicafarvet.com.mx\/site\/wp-content\/uploads\/2025\/09\/imgi_23_caninos_icon-300x300-1-150x150.jpg 150w, https:\/\/www.quimicafarvet.com.mx\/site\/wp-content\/uploads\/2025\/09\/imgi_23_caninos_icon-300x300-1-100x100.jpg 100w, https:\/\/www.quimicafarvet.com.mx\/site\/wp-content\/uploads\/2025\/09\/imgi_23_caninos_icon-300x300-1-1x1.jpg 1w, https:\/\/www.quimicafarvet.com.mx\/site\/wp-content\/uploads\/2025\/09\/imgi_23_caninos_icon-300x300-1-10x10.jpg 10w, https:\/\/www.quimicafarvet.com.mx\/site\/wp-content\/uploads\/2025\/09\/imgi_23_caninos_icon-300x300-1.jpg 300w\" sizes=\"(max-width: 150px) 100vw, 150px\" \/>\t\t\t\t\t\t\t\t\t\t\t\t\t\t\t<\/div>\n\t\t\t\t\t<\/div>\n\t\t\t\t<\/div>\n\t\t<div class=\"elementor-element elementor-element-68662170 e-grid e-con-boxed e-con e-parent\" data-id=\"68662170\" data-element_type=\"container\" data-e-type=\"container\">\n\t\t\t\t\t<div class=\"e-con-inner\">\n\t\t\t\t<div class=\"elementor-element elementor-element-2313ddae elementor-widget elementor-widget-spacer\" data-id=\"2313ddae\" data-element_type=\"widget\" data-e-type=\"widget\" data-widget_type=\"spacer.default\">\n\t\t\t\t\t\t\t<div class=\"elementor-spacer\">\n\t\t\t<div class=\"elementor-spacer-inner\"><\/div>\n\t\t<\/div>\n\t\t\t\t\t\t<\/div>\n\t\t\t\t\t<\/div>\n\t\t\t\t<\/div>\n\t\t<div class=\"elementor-element elementor-element-51a851ce e-grid e-con-boxed e-con e-parent\" data-id=\"51a851ce\" data-element_type=\"container\" data-e-type=\"container\">\n\t\t\t\t\t<div class=\"e-con-inner\">\n\t\t\t\t<div class=\"elementor-element elementor-element-349f4e31 elementor-widget elementor-widget-n-accordion\" data-id=\"349f4e31\" data-element_type=\"widget\" data-e-type=\"widget\" data-settings=\"{&quot;default_state&quot;:&quot;expanded&quot;,&quot;max_items_expended&quot;:&quot;one&quot;,&quot;n_accordion_animation_duration&quot;:{&quot;unit&quot;:&quot;ms&quot;,&quot;size&quot;:400,&quot;sizes&quot;:[]}}\" data-widget_type=\"nested-accordion.default\">\n\t\t\t\t\t\t\t<div class=\"e-n-accordion\" aria-label=\"Accordion. Open links with Enter or Space, close with Escape, and navigate with Arrow Keys\">\n\t\t\t\t\t\t<details id=\"e-n-accordion-item-8820\" class=\"e-n-accordion-item\" open>\n\t\t\t\t<summary class=\"e-n-accordion-item-title\" data-accordion-index=\"1\" tabindex=\"0\" aria-expanded=\"true\" aria-controls=\"e-n-accordion-item-8820\" >\n\t\t\t\t\t<span class='e-n-accordion-item-title-header'><div class=\"e-n-accordion-item-title-text\"> F\u00d3RMULA <\/div><\/span>\n\t\t\t\t\t\t\t<span class='e-n-accordion-item-title-icon'>\n\t\t\t<span class='e-opened' ><svg aria-hidden=\"true\" class=\"e-font-icon-svg e-fas-minus\" viewBox=\"0 0 448 512\" xmlns=\"http:\/\/www.w3.org\/2000\/svg\"><path d=\"M416 208H32c-17.67 0-32 14.33-32 32v32c0 17.67 14.33 32 32 32h384c17.67 0 32-14.33 32-32v-32c0-17.67-14.33-32-32-32z\"><\/path><\/svg><\/span>\n\t\t\t<span class='e-closed'><svg aria-hidden=\"true\" class=\"e-font-icon-svg e-fas-plus\" viewBox=\"0 0 448 512\" xmlns=\"http:\/\/www.w3.org\/2000\/svg\"><path d=\"M416 208H272V64c0-17.67-14.33-32-32-32h-32c-17.67 0-32 14.33-32 32v144H32c-17.67 0-32 14.33-32 32v32c0 17.67 14.33 32 32 32h144v144c0 17.67 14.33 32 32 32h32c17.67 0 32-14.33 32-32V304h144c17.67 0 32-14.33 32-32v-32c0-17.67-14.33-32-32-32z\"><\/path><\/svg><\/span>\n\t\t<\/span>\n\n\t\t\t\t\t\t<\/summary>\n\t\t\t\t<div role=\"region\" aria-labelledby=\"e-n-accordion-item-8820\" class=\"elementor-element elementor-element-160a4832 e-con-full e-flex e-con e-child\" data-id=\"160a4832\" data-element_type=\"container\" data-e-type=\"container\">\n\t\t\t\t<div class=\"elementor-element elementor-element-1ab4f874 elementor-widget elementor-widget-text-editor\" data-id=\"1ab4f874\" data-element_type=\"widget\" data-e-type=\"widget\" data-widget_type=\"text-editor.default\">\n\t\t\t\t\t\t\t\t\t<p>Despu\u00e9s de agregar el diluente, cada mL\u00a0contiene:<\/p><div class=\"wp-block-group\"><div class=\"wp-block-group__inner-container is-layout-flow wp-block-group-is-layout-flow\"><ul class=\"wp-block-list\"><li>Ceftiofur s\u00f3dico \u2026\u2026\u2026\u2026\u2026\u2026\u2026\u2026. 50 mg.<\/li><li>Veh\u00edculo c.b.p. \u2026\u2026\u2026\u2026\u2026\u2026\u2026\u2026\u2026. 1 mL.<\/li><\/ul><\/div><\/div>\t\t\t\t\t\t\t\t<\/div>\n\t\t\t\t<\/div>\n\t\t\t\t\t<\/details>\n\t\t\t\t\t\t<details id=\"e-n-accordion-item-8821\" class=\"e-n-accordion-item\" >\n\t\t\t\t<summary class=\"e-n-accordion-item-title\" data-accordion-index=\"2\" tabindex=\"-1\" aria-expanded=\"false\" aria-controls=\"e-n-accordion-item-8821\" >\n\t\t\t\t\t<span class='e-n-accordion-item-title-header'><div class=\"e-n-accordion-item-title-text\"> USO EN <\/div><\/span>\n\t\t\t\t\t\t\t<span class='e-n-accordion-item-title-icon'>\n\t\t\t<span class='e-opened' ><svg aria-hidden=\"true\" class=\"e-font-icon-svg e-fas-minus\" viewBox=\"0 0 448 512\" xmlns=\"http:\/\/www.w3.org\/2000\/svg\"><path d=\"M416 208H32c-17.67 0-32 14.33-32 32v32c0 17.67 14.33 32 32 32h384c17.67 0 32-14.33 32-32v-32c0-17.67-14.33-32-32-32z\"><\/path><\/svg><\/span>\n\t\t\t<span class='e-closed'><svg aria-hidden=\"true\" class=\"e-font-icon-svg e-fas-plus\" viewBox=\"0 0 448 512\" xmlns=\"http:\/\/www.w3.org\/2000\/svg\"><path d=\"M416 208H272V64c0-17.67-14.33-32-32-32h-32c-17.67 0-32 14.33-32 32v144H32c-17.67 0-32 14.33-32 32v32c0 17.67 14.33 32 32 32h144v144c0 17.67 14.33 32 32 32h32c17.67 0 32-14.33 32-32V304h144c17.67 0 32-14.33 32-32v-32c0-17.67-14.33-32-32-32z\"><\/path><\/svg><\/span>\n\t\t<\/span>\n\n\t\t\t\t\t\t<\/summary>\n\t\t\t\t<div role=\"region\" aria-labelledby=\"e-n-accordion-item-8821\" class=\"elementor-element elementor-element-29602f4b e-con-full e-flex e-con e-child\" data-id=\"29602f4b\" data-element_type=\"container\" data-e-type=\"container\">\n\t\t\t\t<div class=\"elementor-element elementor-element-4d79032c elementor-widget elementor-widget-text-editor\" data-id=\"4d79032c\" data-element_type=\"widget\" data-e-type=\"widget\" data-widget_type=\"text-editor.default\">\n\t\t\t\t\t\t\t\t\t<p>Porcinos, Caninos y Felinos.<\/p>\t\t\t\t\t\t\t\t<\/div>\n\t\t\t\t<\/div>\n\t\t\t\t\t<\/details>\n\t\t\t\t\t\t<details id=\"e-n-accordion-item-8822\" class=\"e-n-accordion-item\" >\n\t\t\t\t<summary class=\"e-n-accordion-item-title\" data-accordion-index=\"3\" tabindex=\"-1\" aria-expanded=\"false\" aria-controls=\"e-n-accordion-item-8822\" >\n\t\t\t\t\t<span class='e-n-accordion-item-title-header'><div class=\"e-n-accordion-item-title-text\"> INDICACIONES <\/div><\/span>\n\t\t\t\t\t\t\t<span class='e-n-accordion-item-title-icon'>\n\t\t\t<span class='e-opened' ><svg aria-hidden=\"true\" class=\"e-font-icon-svg e-fas-minus\" viewBox=\"0 0 448 512\" xmlns=\"http:\/\/www.w3.org\/2000\/svg\"><path d=\"M416 208H32c-17.67 0-32 14.33-32 32v32c0 17.67 14.33 32 32 32h384c17.67 0 32-14.33 32-32v-32c0-17.67-14.33-32-32-32z\"><\/path><\/svg><\/span>\n\t\t\t<span class='e-closed'><svg aria-hidden=\"true\" class=\"e-font-icon-svg e-fas-plus\" viewBox=\"0 0 448 512\" xmlns=\"http:\/\/www.w3.org\/2000\/svg\"><path d=\"M416 208H272V64c0-17.67-14.33-32-32-32h-32c-17.67 0-32 14.33-32 32v144H32c-17.67 0-32 14.33-32 32v32c0 17.67 14.33 32 32 32h144v144c0 17.67 14.33 32 32 32h32c17.67 0 32-14.33 32-32V304h144c17.67 0 32-14.33 32-32v-32c0-17.67-14.33-32-32-32z\"><\/path><\/svg><\/span>\n\t\t<\/span>\n\n\t\t\t\t\t\t<\/summary>\n\t\t\t\t<div role=\"region\" aria-labelledby=\"e-n-accordion-item-8822\" class=\"elementor-element elementor-element-61a5dc55 e-con-full e-flex e-con e-child\" data-id=\"61a5dc55\" data-element_type=\"container\" data-e-type=\"container\">\n\t\t\t\t<div class=\"elementor-element elementor-element-45775a06 elementor-widget elementor-widget-text-editor\" data-id=\"45775a06\" data-element_type=\"widget\" data-e-type=\"widget\" data-widget_type=\"text-editor.default\">\n\t\t\t\t\t\t\t\t\t<p>Para el tratamiento en cerdos de enfermedades causadas por pat\u00f3genos Gram (-) como:\u00a0<em>Actinobacillus pleuropneumoniae, Pasteurella multocida, Haemophilus parasuis, Salmonella spp.,<\/em>\u00a0as\u00ed como bacterias\u00a0 Gram (+) como:\u00a0<em>Streptococcus suis.<\/em>\u00a0En perros y gatos en infecciones urinarias causadas por\u00a0<em>Escherichia coli, Proteus mirabilis, Staphylococcus aureus y Staphylococcus intermedius,<\/em>\u00a0as\u00ed como en infecciones de tejidos blandos, sepsis bacterianas e infecciones respiratorias.<\/p>\t\t\t\t\t\t\t\t<\/div>\n\t\t\t\t<\/div>\n\t\t\t\t\t<\/details>\n\t\t\t\t\t\t<details id=\"e-n-accordion-item-8823\" class=\"e-n-accordion-item\" >\n\t\t\t\t<summary class=\"e-n-accordion-item-title\" data-accordion-index=\"4\" tabindex=\"-1\" aria-expanded=\"false\" aria-controls=\"e-n-accordion-item-8823\" >\n\t\t\t\t\t<span class='e-n-accordion-item-title-header'><div class=\"e-n-accordion-item-title-text\"> ADMINISTRACI\u00d3N Y DOSIS <\/div><\/span>\n\t\t\t\t\t\t\t<span class='e-n-accordion-item-title-icon'>\n\t\t\t<span class='e-opened' ><svg aria-hidden=\"true\" class=\"e-font-icon-svg e-fas-minus\" viewBox=\"0 0 448 512\" xmlns=\"http:\/\/www.w3.org\/2000\/svg\"><path d=\"M416 208H32c-17.67 0-32 14.33-32 32v32c0 17.67 14.33 32 32 32h384c17.67 0 32-14.33 32-32v-32c0-17.67-14.33-32-32-32z\"><\/path><\/svg><\/span>\n\t\t\t<span class='e-closed'><svg aria-hidden=\"true\" class=\"e-font-icon-svg e-fas-plus\" viewBox=\"0 0 448 512\" xmlns=\"http:\/\/www.w3.org\/2000\/svg\"><path d=\"M416 208H272V64c0-17.67-14.33-32-32-32h-32c-17.67 0-32 14.33-32 32v144H32c-17.67 0-32 14.33-32 32v32c0 17.67 14.33 32 32 32h144v144c0 17.67 14.33 32 32 32h32c17.67 0 32-14.33 32-32V304h144c17.67 0 32-14.33 32-32v-32c0-17.67-14.33-32-32-32z\"><\/path><\/svg><\/span>\n\t\t<\/span>\n\n\t\t\t\t\t\t<\/summary>\n\t\t\t\t<div role=\"region\" aria-labelledby=\"e-n-accordion-item-8823\" class=\"elementor-element elementor-element-2eb6d620 e-flex e-con-boxed e-con e-child\" data-id=\"2eb6d620\" data-element_type=\"container\" data-e-type=\"container\">\n\t\t\t\t\t<div class=\"e-con-inner\">\n\t\t\t\t<div class=\"elementor-element elementor-element-6de19141 elementor-widget elementor-widget-text-editor\" data-id=\"6de19141\" data-element_type=\"widget\" data-e-type=\"widget\" data-widget_type=\"text-editor.default\">\n\t\t\t\t\t\t\t\t\t<p><strong>Porcinos:<\/strong>\u00a01 a 3 mg \/ Kg de peso vivo, lo que equivale a administrar 1 mL \/ 17.0 a 50 Kg de peso vivo.<br \/><strong>Caninos y Felinos:<\/strong>\u00a02.2 \u2013 4.4 mg por Kg de peso vivo, lo que equivale a administrar 1 mL \/11.0 a 23.0 Kg de peso vivo.<br \/>Cada 24 horas por un periodo de 3 a 5 d\u00edas.<\/p><p><strong>V\u00cdA DE ADMINISTRACI\u00d3N:<\/strong><\/p><p><strong>Porcinos:<\/strong>\u00a0Intramuscular.<br \/><strong>Caninos y Felinos:<\/strong>\u00a0Subcut\u00e1nea.<\/p>\t\t\t\t\t\t\t\t<\/div>\n\t\t\t\t\t<\/div>\n\t\t\t\t<\/div>\n\t\t\t\t\t<\/details>\n\t\t\t\t\t\t<details id=\"e-n-accordion-item-8824\" class=\"e-n-accordion-item\" >\n\t\t\t\t<summary class=\"e-n-accordion-item-title\" data-accordion-index=\"5\" tabindex=\"-1\" aria-expanded=\"false\" aria-controls=\"e-n-accordion-item-8824\" >\n\t\t\t\t\t<span class='e-n-accordion-item-title-header'><div class=\"e-n-accordion-item-title-text\"> ADVERTENCIAS <\/div><\/span>\n\t\t\t\t\t\t\t<span class='e-n-accordion-item-title-icon'>\n\t\t\t<span class='e-opened' ><svg aria-hidden=\"true\" class=\"e-font-icon-svg e-fas-minus\" viewBox=\"0 0 448 512\" xmlns=\"http:\/\/www.w3.org\/2000\/svg\"><path d=\"M416 208H32c-17.67 0-32 14.33-32 32v32c0 17.67 14.33 32 32 32h384c17.67 0 32-14.33 32-32v-32c0-17.67-14.33-32-32-32z\"><\/path><\/svg><\/span>\n\t\t\t<span class='e-closed'><svg aria-hidden=\"true\" class=\"e-font-icon-svg e-fas-plus\" viewBox=\"0 0 448 512\" xmlns=\"http:\/\/www.w3.org\/2000\/svg\"><path d=\"M416 208H272V64c0-17.67-14.33-32-32-32h-32c-17.67 0-32 14.33-32 32v144H32c-17.67 0-32 14.33-32 32v32c0 17.67 14.33 32 32 32h144v144c0 17.67 14.33 32 32 32h32c17.67 0 32-14.33 32-32V304h144c17.67 0 32-14.33 32-32v-32c0-17.67-14.33-32-32-32z\"><\/path><\/svg><\/span>\n\t\t<\/span>\n\n\t\t\t\t\t\t<\/summary>\n\t\t\t\t<div role=\"region\" aria-labelledby=\"e-n-accordion-item-8824\" class=\"elementor-element elementor-element-1c1a9b63 e-flex e-con-boxed e-con e-child\" data-id=\"1c1a9b63\" data-element_type=\"container\" data-e-type=\"container\">\n\t\t\t\t\t<div class=\"e-con-inner\">\n\t\t\t\t<div class=\"elementor-element elementor-element-40f5392c elementor-widget elementor-widget-text-editor\" data-id=\"40f5392c\" data-element_type=\"widget\" data-e-type=\"widget\" data-widget_type=\"text-editor.default\">\n\t\t\t\t\t\t\t\t\t<p>Una vez reconstituido mant\u00e9ngase en refrigeraci\u00f3n entre 2 a 5 \u00baC por un periodo de hasta 7 d\u00edas o temperatura ambiente entre 25 y 30 \u00baC por no m\u00e1s de 12 horas.<br \/>Cons\u00e9rvese el producto sin reconstituir en un lugar fresco y seco al abrigo de la luz.<br \/>Puede causar reacciones al\u00e9rgicas en individuos sensibles al medicamento.<br \/>No aplicar 48 horas antes del sacrificio de animales destinados a consumo humano.<\/p>\t\t\t\t\t\t\t\t<\/div>\n\t\t\t\t\t<\/div>\n\t\t\t\t<\/div>\n\t\t\t\t\t<\/details>\n\t\t\t\t\t<\/div>\n\t\t\t\t\t\t<\/div>\n\t\t\t\t\t<\/div>\n\t\t\t\t<\/div>\n\t\t<div class=\"elementor-element elementor-element-16e3f8ee e-grid e-con-boxed e-con e-parent\" data-id=\"16e3f8ee\" data-element_type=\"container\" data-e-type=\"container\">\n\t\t\t\t\t<div class=\"e-con-inner\">\n\t\t\t\t<div class=\"elementor-element elementor-element-33283475 elementor-widget-divider--view-line elementor-widget elementor-widget-divider\" data-id=\"33283475\" data-element_type=\"widget\" data-e-type=\"widget\" data-widget_type=\"divider.default\">\n\t\t\t\t\t\t\t<div class=\"elementor-divider\">\n\t\t\t<span class=\"elementor-divider-separator\">\n\t\t\t\t\t\t<\/span>\n\t\t<\/div>\n\t\t\t\t\t\t<\/div>\n\t\t\t\t\t<\/div>\n\t\t\t\t<\/div>\n\t\t<div class=\"elementor-element elementor-element-265f93f7 e-grid e-con-boxed e-con e-parent\" data-id=\"265f93f7\" data-element_type=\"container\" data-e-type=\"container\">\n\t\t\t\t\t<div class=\"e-con-inner\">\n\t\t\t\t<div class=\"elementor-element elementor-element-39f536 elementor-widget elementor-widget-heading\" data-id=\"39f536\" data-element_type=\"widget\" data-e-type=\"widget\" data-widget_type=\"heading.default\">\n\t\t\t\t\t<h2 class=\"elementor-heading-title elementor-size-default\">PROMOCIONES:<\/h2>\t\t\t\t<\/div>\n\t\t\t\t\t<\/div>\n\t\t\t\t<\/div>\n\t\t\t\t<\/div>\n\t\t\n    <div class=\"xs_social_share_widget xs_share_url after_content \t\tmain_content  wslu-style-1 wslu-share-box-shaped wslu-fill-colored wslu-none wslu-share-horizontal wslu-theme-font-no wslu-main_content\">\n\n\t\t\n        <ul>\n\t\t\t        <\/ul>\n    <\/div> \n","protected":false},"excerpt":{"rendered":"<p>HAXCEL N\u00daMERO DE REGISTRO Q-5918-062 USO VETERINARIO ANTIBI\u00d3TICO POLVO EST\u00c9RIL PARA RECONSTITUIR EN SOLUCI\u00d3N INYECTABLE USO EN: F\u00d3RMULA Despu\u00e9s de agregar el diluente, cada mL\u00a0contiene:&#8230;<\/p>\n","protected":false},"author":1,"featured_media":0,"parent":0,"menu_order":0,"comment_status":"closed","ping_status":"closed","template":"","meta":{"postBodyCss":"","postBodyMargin":[],"postBodyPadding":[],"postBodyBackground":{"backgroundType":"classic","gradient":""},"footnotes":""},"categories":[],"tags":[],"wf_page_folders":[],"class_list":["post-4991","page","type-page","status-publish","hentry"],"_links":{"self":[{"href":"https:\/\/www.quimicafarvet.com.mx\/site\/wp-json\/wp\/v2\/pages\/4991","targetHints":{"allow":["GET"]}}],"collection":[{"href":"https:\/\/www.quimicafarvet.com.mx\/site\/wp-json\/wp\/v2\/pages"}],"about":[{"href":"https:\/\/www.quimicafarvet.com.mx\/site\/wp-json\/wp\/v2\/types\/page"}],"author":[{"embeddable":true,"href":"https:\/\/www.quimicafarvet.com.mx\/site\/wp-json\/wp\/v2\/users\/1"}],"replies":[{"embeddable":true,"href":"https:\/\/www.quimicafarvet.com.mx\/site\/wp-json\/wp\/v2\/comments?post=4991"}],"version-history":[{"count":4,"href":"https:\/\/www.quimicafarvet.com.mx\/site\/wp-json\/wp\/v2\/pages\/4991\/revisions"}],"predecessor-version":[{"id":5006,"href":"https:\/\/www.quimicafarvet.com.mx\/site\/wp-json\/wp\/v2\/pages\/4991\/revisions\/5006"}],"wp:attachment":[{"href":"https:\/\/www.quimicafarvet.com.mx\/site\/wp-json\/wp\/v2\/media?parent=4991"}],"wp:term":[{"taxonomy":"category","embeddable":true,"href":"https:\/\/www.quimicafarvet.com.mx\/site\/wp-json\/wp\/v2\/categories?post=4991"},{"taxonomy":"post_tag","embeddable":true,"href":"https:\/\/www.quimicafarvet.com.mx\/site\/wp-json\/wp\/v2\/tags?post=4991"},{"taxonomy":"wf_page_folders","embeddable":true,"href":"https:\/\/www.quimicafarvet.com.mx\/site\/wp-json\/wp\/v2\/wf_page_folders?post=4991"}],"curies":[{"name":"wp","href":"https:\/\/api.w.org\/{rel}","templated":true}]}}