{"id":5362,"date":"2025-10-15T22:16:53","date_gmt":"2025-10-15T22:16:53","guid":{"rendered":"https:\/\/www.quimicafarvet.com.mx\/site\/?page_id=5362"},"modified":"2025-10-15T22:26:08","modified_gmt":"2025-10-15T22:26:08","slug":"farvetrilmax","status":"publish","type":"page","link":"https:\/\/www.quimicafarvet.com.mx\/site\/farvetrilmax\/","title":{"rendered":"farvetrilmax"},"content":{"rendered":"\t\t<div data-elementor-type=\"wp-page\" data-elementor-id=\"5362\" class=\"elementor elementor-5362\" data-elementor-post-type=\"page\">\n\t\t\t\t<div class=\"elementor-element elementor-element-21926a84 e-grid e-con-boxed e-con e-parent\" data-id=\"21926a84\" data-element_type=\"container\" data-e-type=\"container\">\n\t\t\t\t\t<div class=\"e-con-inner\">\n\t\t\t\t<div class=\"elementor-element elementor-element-5024792c elementor-widget elementor-widget-image\" data-id=\"5024792c\" data-element_type=\"widget\" data-e-type=\"widget\" data-widget_type=\"image.default\">\n\t\t\t\t\t\t\t\t\t\t\t\t\t\t\t<img fetchpriority=\"high\" decoding=\"async\" width=\"242\" height=\"300\" src=\"https:\/\/www.quimicafarvet.com.mx\/site\/wp-content\/uploads\/2025\/10\/farvetryl-max-1.png\" class=\"attachment-large size-large wp-image-5382\" alt=\"\" srcset=\"https:\/\/www.quimicafarvet.com.mx\/site\/wp-content\/uploads\/2025\/10\/farvetryl-max-1.png 242w, https:\/\/www.quimicafarvet.com.mx\/site\/wp-content\/uploads\/2025\/10\/farvetryl-max-1-1x1.png 1w, https:\/\/www.quimicafarvet.com.mx\/site\/wp-content\/uploads\/2025\/10\/farvetryl-max-1-8x10.png 8w\" sizes=\"(max-width: 242px) 100vw, 242px\" \/>\t\t\t\t\t\t\t\t\t\t\t\t\t\t\t<\/div>\n\t\t<div class=\"elementor-element elementor-element-61768cbb e-con-full e-grid e-con e-child\" data-id=\"61768cbb\" data-element_type=\"container\" data-e-type=\"container\">\n\t\t\t\t<div class=\"elementor-element elementor-element-4fff40ee elementor-widget elementor-widget-heading\" data-id=\"4fff40ee\" data-element_type=\"widget\" data-e-type=\"widget\" data-widget_type=\"heading.default\">\n\t\t\t\t\t<h2 class=\"elementor-heading-title elementor-size-default\">FARVETRYL MAX\n<\/h2>\t\t\t\t<\/div>\n\t\t\t\t<div class=\"elementor-element elementor-element-eec871b elementor-widget elementor-widget-heading\" data-id=\"eec871b\" data-element_type=\"widget\" data-e-type=\"widget\" data-widget_type=\"heading.default\">\n\t\t\t\t\t<h2 class=\"elementor-heading-title elementor-size-default\">N\u00daMERO DE REGISTRO Q-5918-086<\/h2>\t\t\t\t<\/div>\n\t\t\t\t<div class=\"elementor-element elementor-element-53283d65 elementor-widget elementor-widget-heading\" data-id=\"53283d65\" data-element_type=\"widget\" data-e-type=\"widget\" data-widget_type=\"heading.default\">\n\t\t\t\t\t<h2 class=\"elementor-heading-title elementor-size-default\">USO VETERINARIO\nSOLUCI\u00d3N INYECTABLE\nANTIMICROBIANO Y MUCOL\u00cdTICO<\/h2>\t\t\t\t<\/div>\n\t\t\t\t<\/div>\n\t\t\t\t\t<\/div>\n\t\t\t\t<\/div>\n\t\t<div class=\"elementor-element elementor-element-3ffb39a9 e-grid e-con-boxed e-con e-parent\" data-id=\"3ffb39a9\" data-element_type=\"container\" data-e-type=\"container\">\n\t\t\t\t\t<div class=\"e-con-inner\">\n\t\t\t\t<div class=\"elementor-element elementor-element-23b69197 elementor-widget elementor-widget-spacer\" data-id=\"23b69197\" data-element_type=\"widget\" data-e-type=\"widget\" data-widget_type=\"spacer.default\">\n\t\t\t\t\t\t\t<div class=\"elementor-spacer\">\n\t\t\t<div class=\"elementor-spacer-inner\"><\/div>\n\t\t<\/div>\n\t\t\t\t\t\t<\/div>\n\t\t\t\t\t<\/div>\n\t\t\t\t<\/div>\n\t\t<div class=\"elementor-element elementor-element-31d45e41 e-grid e-con-boxed e-con e-parent\" data-id=\"31d45e41\" data-element_type=\"container\" data-e-type=\"container\">\n\t\t\t\t\t<div class=\"e-con-inner\">\n\t\t\t\t<div class=\"elementor-element elementor-element-7af48f95 elementor-widget elementor-widget-heading\" data-id=\"7af48f95\" data-element_type=\"widget\" data-e-type=\"widget\" data-widget_type=\"heading.default\">\n\t\t\t\t\t<h2 class=\"elementor-heading-title elementor-size-default\">USO EN: <\/h2>\t\t\t\t<\/div>\n\t\t\t\t\t<\/div>\n\t\t\t\t<\/div>\n\t\t<div class=\"elementor-element elementor-element-da81f7d e-grid e-con-boxed e-con e-parent\" data-id=\"da81f7d\" data-element_type=\"container\" data-e-type=\"container\">\n\t\t\t\t\t<div class=\"e-con-inner\">\n\t\t\t\t<div class=\"elementor-element elementor-element-11a4d713 elementor-widget elementor-widget-image\" data-id=\"11a4d713\" data-element_type=\"widget\" data-e-type=\"widget\" data-widget_type=\"image.default\">\n\t\t\t\t\t\t\t\t\t\t\t\t\t\t\t\t<a href=\"https:\/\/www.quimicafarvet.com.mx\/site\/porcinos\/\">\n\t\t\t\t\t\t\t<img decoding=\"async\" width=\"150\" height=\"150\" src=\"https:\/\/www.quimicafarvet.com.mx\/site\/wp-content\/uploads\/2025\/09\/imgi_9_porcinos_icon-300x300-1-150x150.jpg\" class=\"attachment-thumbnail size-thumbnail wp-image-2747\" alt=\"\" srcset=\"https:\/\/www.quimicafarvet.com.mx\/site\/wp-content\/uploads\/2025\/09\/imgi_9_porcinos_icon-300x300-1-150x150.jpg 150w, https:\/\/www.quimicafarvet.com.mx\/site\/wp-content\/uploads\/2025\/09\/imgi_9_porcinos_icon-300x300-1-100x100.jpg 100w, https:\/\/www.quimicafarvet.com.mx\/site\/wp-content\/uploads\/2025\/09\/imgi_9_porcinos_icon-300x300-1-1x1.jpg 1w, https:\/\/www.quimicafarvet.com.mx\/site\/wp-content\/uploads\/2025\/09\/imgi_9_porcinos_icon-300x300-1-10x10.jpg 10w, https:\/\/www.quimicafarvet.com.mx\/site\/wp-content\/uploads\/2025\/09\/imgi_9_porcinos_icon-300x300-1.jpg 300w\" sizes=\"(max-width: 150px) 100vw, 150px\" \/>\t\t\t\t\t\t\t\t<\/a>\n\t\t\t\t\t\t\t\t\t\t\t\t\t\t\t<\/div>\n\t\t\t\t<div class=\"elementor-element elementor-element-1c320087 elementor-widget elementor-widget-image\" data-id=\"1c320087\" data-element_type=\"widget\" data-e-type=\"widget\" data-widget_type=\"image.default\">\n\t\t\t\t\t\t\t\t\t\t\t\t\t\t\t\t<a href=\"https:\/\/www.quimicafarvet.com.mx\/site\/bovinos\/\">\n\t\t\t\t\t\t\t<img decoding=\"async\" width=\"150\" height=\"150\" src=\"https:\/\/www.quimicafarvet.com.mx\/site\/wp-content\/uploads\/2025\/09\/imgi_8_bovinos_icon-300x300-1-150x150.jpg\" class=\"attachment-thumbnail size-thumbnail wp-image-2745\" alt=\"\" srcset=\"https:\/\/www.quimicafarvet.com.mx\/site\/wp-content\/uploads\/2025\/09\/imgi_8_bovinos_icon-300x300-1-150x150.jpg 150w, https:\/\/www.quimicafarvet.com.mx\/site\/wp-content\/uploads\/2025\/09\/imgi_8_bovinos_icon-300x300-1-100x100.jpg 100w, https:\/\/www.quimicafarvet.com.mx\/site\/wp-content\/uploads\/2025\/09\/imgi_8_bovinos_icon-300x300-1-1x1.jpg 1w, https:\/\/www.quimicafarvet.com.mx\/site\/wp-content\/uploads\/2025\/09\/imgi_8_bovinos_icon-300x300-1-10x10.jpg 10w, https:\/\/www.quimicafarvet.com.mx\/site\/wp-content\/uploads\/2025\/09\/imgi_8_bovinos_icon-300x300-1.jpg 300w\" sizes=\"(max-width: 150px) 100vw, 150px\" \/>\t\t\t\t\t\t\t\t<\/a>\n\t\t\t\t\t\t\t\t\t\t\t\t\t\t\t<\/div>\n\t\t\t\t<div class=\"elementor-element elementor-element-6be6a85f elementor-widget elementor-widget-image\" data-id=\"6be6a85f\" data-element_type=\"widget\" data-e-type=\"widget\" data-widget_type=\"image.default\">\n\t\t\t\t\t\t\t\t\t\t\t\t\t\t\t\t<a href=\"https:\/\/www.quimicafarvet.com.mx\/site\/aves\/\">\n\t\t\t\t\t\t\t<img loading=\"lazy\" decoding=\"async\" width=\"150\" height=\"150\" src=\"https:\/\/www.quimicafarvet.com.mx\/site\/wp-content\/uploads\/2025\/09\/imgi_12_aves_icon-300x300-1-150x150.jpg\" class=\"attachment-thumbnail size-thumbnail wp-image-2753\" alt=\"\" srcset=\"https:\/\/www.quimicafarvet.com.mx\/site\/wp-content\/uploads\/2025\/09\/imgi_12_aves_icon-300x300-1-150x150.jpg 150w, https:\/\/www.quimicafarvet.com.mx\/site\/wp-content\/uploads\/2025\/09\/imgi_12_aves_icon-300x300-1-100x100.jpg 100w, https:\/\/www.quimicafarvet.com.mx\/site\/wp-content\/uploads\/2025\/09\/imgi_12_aves_icon-300x300-1-1x1.jpg 1w, https:\/\/www.quimicafarvet.com.mx\/site\/wp-content\/uploads\/2025\/09\/imgi_12_aves_icon-300x300-1-10x10.jpg 10w, https:\/\/www.quimicafarvet.com.mx\/site\/wp-content\/uploads\/2025\/09\/imgi_12_aves_icon-300x300-1.jpg 300w\" sizes=\"(max-width: 150px) 100vw, 150px\" \/>\t\t\t\t\t\t\t\t<\/a>\n\t\t\t\t\t\t\t\t\t\t\t\t\t\t\t<\/div>\n\t\t\t\t\t<\/div>\n\t\t\t\t<\/div>\n\t\t<div class=\"elementor-element elementor-element-2ed4ebe3 e-grid e-con-boxed e-con e-parent\" data-id=\"2ed4ebe3\" data-element_type=\"container\" data-e-type=\"container\">\n\t\t\t\t\t<div class=\"e-con-inner\">\n\t\t\t\t<div class=\"elementor-element elementor-element-18f8e297 elementor-widget elementor-widget-spacer\" data-id=\"18f8e297\" data-element_type=\"widget\" data-e-type=\"widget\" data-widget_type=\"spacer.default\">\n\t\t\t\t\t\t\t<div class=\"elementor-spacer\">\n\t\t\t<div class=\"elementor-spacer-inner\"><\/div>\n\t\t<\/div>\n\t\t\t\t\t\t<\/div>\n\t\t\t\t\t<\/div>\n\t\t\t\t<\/div>\n\t\t<div class=\"elementor-element elementor-element-5005b35c e-grid e-con-boxed e-con e-parent\" data-id=\"5005b35c\" data-element_type=\"container\" data-e-type=\"container\">\n\t\t\t\t\t<div class=\"e-con-inner\">\n\t\t\t\t<div class=\"elementor-element elementor-element-5c2f2349 elementor-widget elementor-widget-n-accordion\" data-id=\"5c2f2349\" data-element_type=\"widget\" data-e-type=\"widget\" data-settings=\"{&quot;default_state&quot;:&quot;expanded&quot;,&quot;max_items_expended&quot;:&quot;one&quot;,&quot;n_accordion_animation_duration&quot;:{&quot;unit&quot;:&quot;ms&quot;,&quot;size&quot;:400,&quot;sizes&quot;:[]}}\" data-widget_type=\"nested-accordion.default\">\n\t\t\t\t\t\t\t<div class=\"e-n-accordion\" aria-label=\"Accordion. Open links with Enter or Space, close with Escape, and navigate with Arrow Keys\">\n\t\t\t\t\t\t<details id=\"e-n-accordion-item-1540\" class=\"e-n-accordion-item\" open>\n\t\t\t\t<summary class=\"e-n-accordion-item-title\" data-accordion-index=\"1\" tabindex=\"0\" aria-expanded=\"true\" aria-controls=\"e-n-accordion-item-1540\" >\n\t\t\t\t\t<span class='e-n-accordion-item-title-header'><div class=\"e-n-accordion-item-title-text\"> F\u00d3RMULA <\/div><\/span>\n\t\t\t\t\t\t\t<span class='e-n-accordion-item-title-icon'>\n\t\t\t<span class='e-opened' ><svg aria-hidden=\"true\" class=\"e-font-icon-svg e-fas-minus\" viewBox=\"0 0 448 512\" xmlns=\"http:\/\/www.w3.org\/2000\/svg\"><path d=\"M416 208H32c-17.67 0-32 14.33-32 32v32c0 17.67 14.33 32 32 32h384c17.67 0 32-14.33 32-32v-32c0-17.67-14.33-32-32-32z\"><\/path><\/svg><\/span>\n\t\t\t<span class='e-closed'><svg aria-hidden=\"true\" class=\"e-font-icon-svg e-fas-plus\" viewBox=\"0 0 448 512\" xmlns=\"http:\/\/www.w3.org\/2000\/svg\"><path d=\"M416 208H272V64c0-17.67-14.33-32-32-32h-32c-17.67 0-32 14.33-32 32v144H32c-17.67 0-32 14.33-32 32v32c0 17.67 14.33 32 32 32h144v144c0 17.67 14.33 32 32 32h32c17.67 0 32-14.33 32-32V304h144c17.67 0 32-14.33 32-32v-32c0-17.67-14.33-32-32-32z\"><\/path><\/svg><\/span>\n\t\t<\/span>\n\n\t\t\t\t\t\t<\/summary>\n\t\t\t\t<div role=\"region\" aria-labelledby=\"e-n-accordion-item-1540\" class=\"elementor-element elementor-element-1d5a65a e-con-full e-flex e-con e-child\" data-id=\"1d5a65a\" data-element_type=\"container\" data-e-type=\"container\">\n\t\t\t\t<div class=\"elementor-element elementor-element-21475aa elementor-widget elementor-widget-text-editor\" data-id=\"21475aa\" data-element_type=\"widget\" data-e-type=\"widget\" data-widget_type=\"text-editor.default\">\n\t\t\t\t\t\t\t\t\t<p>Cada 100 ml contiene:<\/p><div class=\"wp-block-group\"><div class=\"wp-block-group__inner-container is-layout-flow wp-block-group-is-layout-flow\"><ul class=\"wp-block-list\"><li>Enrofloxacina \u2026\u2026\u2026\u2026\u2026\u2026\u2026.\u2026\u2026\u2026\u2026. 10 g.<\/li><li>Bromhexina \u2026\u2026\u2026\u2026\u2026\u2026\u2026\u2026\u2026.. 150 mg.<\/li><li>Veh\u00edculo c.b.p. \u2026\u2026\u2026\u2026\u2026.\u2026\u2026\u2026.. 100 ml.<\/li><\/ul><\/div><\/div>\t\t\t\t\t\t\t\t<\/div>\n\t\t\t\t<\/div>\n\t\t\t\t\t<\/details>\n\t\t\t\t\t\t<details id=\"e-n-accordion-item-1541\" class=\"e-n-accordion-item\" >\n\t\t\t\t<summary class=\"e-n-accordion-item-title\" data-accordion-index=\"2\" tabindex=\"-1\" aria-expanded=\"false\" aria-controls=\"e-n-accordion-item-1541\" >\n\t\t\t\t\t<span class='e-n-accordion-item-title-header'><div class=\"e-n-accordion-item-title-text\"> USO EN <\/div><\/span>\n\t\t\t\t\t\t\t<span class='e-n-accordion-item-title-icon'>\n\t\t\t<span class='e-opened' ><svg aria-hidden=\"true\" class=\"e-font-icon-svg e-fas-minus\" viewBox=\"0 0 448 512\" xmlns=\"http:\/\/www.w3.org\/2000\/svg\"><path d=\"M416 208H32c-17.67 0-32 14.33-32 32v32c0 17.67 14.33 32 32 32h384c17.67 0 32-14.33 32-32v-32c0-17.67-14.33-32-32-32z\"><\/path><\/svg><\/span>\n\t\t\t<span class='e-closed'><svg aria-hidden=\"true\" class=\"e-font-icon-svg e-fas-plus\" viewBox=\"0 0 448 512\" xmlns=\"http:\/\/www.w3.org\/2000\/svg\"><path d=\"M416 208H272V64c0-17.67-14.33-32-32-32h-32c-17.67 0-32 14.33-32 32v144H32c-17.67 0-32 14.33-32 32v32c0 17.67 14.33 32 32 32h144v144c0 17.67 14.33 32 32 32h32c17.67 0 32-14.33 32-32V304h144c17.67 0 32-14.33 32-32v-32c0-17.67-14.33-32-32-32z\"><\/path><\/svg><\/span>\n\t\t<\/span>\n\n\t\t\t\t\t\t<\/summary>\n\t\t\t\t<div role=\"region\" aria-labelledby=\"e-n-accordion-item-1541\" class=\"elementor-element elementor-element-10c18a2e e-con-full e-flex e-con e-child\" data-id=\"10c18a2e\" data-element_type=\"container\" data-e-type=\"container\">\n\t\t\t\t<div class=\"elementor-element elementor-element-7964842b elementor-widget elementor-widget-text-editor\" data-id=\"7964842b\" data-element_type=\"widget\" data-e-type=\"widget\" data-widget_type=\"text-editor.default\">\n\t\t\t\t\t\t\t\t\t<p>Bovinos (productores de carne), Porcinos, Aves (pollo de engorda y aves de combate).<\/p>\t\t\t\t\t\t\t\t<\/div>\n\t\t\t\t<\/div>\n\t\t\t\t\t<\/details>\n\t\t\t\t\t\t<details id=\"e-n-accordion-item-1542\" class=\"e-n-accordion-item\" >\n\t\t\t\t<summary class=\"e-n-accordion-item-title\" data-accordion-index=\"3\" tabindex=\"-1\" aria-expanded=\"false\" aria-controls=\"e-n-accordion-item-1542\" >\n\t\t\t\t\t<span class='e-n-accordion-item-title-header'><div class=\"e-n-accordion-item-title-text\"> INDICACIONES <\/div><\/span>\n\t\t\t\t\t\t\t<span class='e-n-accordion-item-title-icon'>\n\t\t\t<span class='e-opened' ><svg aria-hidden=\"true\" class=\"e-font-icon-svg e-fas-minus\" viewBox=\"0 0 448 512\" xmlns=\"http:\/\/www.w3.org\/2000\/svg\"><path d=\"M416 208H32c-17.67 0-32 14.33-32 32v32c0 17.67 14.33 32 32 32h384c17.67 0 32-14.33 32-32v-32c0-17.67-14.33-32-32-32z\"><\/path><\/svg><\/span>\n\t\t\t<span class='e-closed'><svg aria-hidden=\"true\" class=\"e-font-icon-svg e-fas-plus\" viewBox=\"0 0 448 512\" xmlns=\"http:\/\/www.w3.org\/2000\/svg\"><path d=\"M416 208H272V64c0-17.67-14.33-32-32-32h-32c-17.67 0-32 14.33-32 32v144H32c-17.67 0-32 14.33-32 32v32c0 17.67 14.33 32 32 32h144v144c0 17.67 14.33 32 32 32h32c17.67 0 32-14.33 32-32V304h144c17.67 0 32-14.33 32-32v-32c0-17.67-14.33-32-32-32z\"><\/path><\/svg><\/span>\n\t\t<\/span>\n\n\t\t\t\t\t\t<\/summary>\n\t\t\t\t<div role=\"region\" aria-labelledby=\"e-n-accordion-item-1542\" class=\"elementor-element elementor-element-4a45b542 e-con-full e-flex e-con e-child\" data-id=\"4a45b542\" data-element_type=\"container\" data-e-type=\"container\">\n\t\t\t\t<div class=\"elementor-element elementor-element-3814eb5c elementor-widget elementor-widget-text-editor\" data-id=\"3814eb5c\" data-element_type=\"widget\" data-e-type=\"widget\" data-widget_type=\"text-editor.default\">\n\t\t\t\t\t\t\t\t\t<p><strong>FARVETRYL MAX,<\/strong>\u00a0Terapia antimicrobiana y mucol\u00edtica para las enfermedades respiratorias agudas o cr\u00f3nicas.<\/p>\t\t\t\t\t\t\t\t<\/div>\n\t\t\t\t<\/div>\n\t\t\t\t\t<\/details>\n\t\t\t\t\t\t<details id=\"e-n-accordion-item-1543\" class=\"e-n-accordion-item\" >\n\t\t\t\t<summary class=\"e-n-accordion-item-title\" data-accordion-index=\"4\" tabindex=\"-1\" aria-expanded=\"false\" aria-controls=\"e-n-accordion-item-1543\" >\n\t\t\t\t\t<span class='e-n-accordion-item-title-header'><div class=\"e-n-accordion-item-title-text\"> ADMINISTRACI\u00d3N Y DOSIS <\/div><\/span>\n\t\t\t\t\t\t\t<span class='e-n-accordion-item-title-icon'>\n\t\t\t<span class='e-opened' ><svg aria-hidden=\"true\" class=\"e-font-icon-svg e-fas-minus\" viewBox=\"0 0 448 512\" xmlns=\"http:\/\/www.w3.org\/2000\/svg\"><path d=\"M416 208H32c-17.67 0-32 14.33-32 32v32c0 17.67 14.33 32 32 32h384c17.67 0 32-14.33 32-32v-32c0-17.67-14.33-32-32-32z\"><\/path><\/svg><\/span>\n\t\t\t<span class='e-closed'><svg aria-hidden=\"true\" class=\"e-font-icon-svg e-fas-plus\" viewBox=\"0 0 448 512\" xmlns=\"http:\/\/www.w3.org\/2000\/svg\"><path d=\"M416 208H272V64c0-17.67-14.33-32-32-32h-32c-17.67 0-32 14.33-32 32v144H32c-17.67 0-32 14.33-32 32v32c0 17.67 14.33 32 32 32h144v144c0 17.67 14.33 32 32 32h32c17.67 0 32-14.33 32-32V304h144c17.67 0 32-14.33 32-32v-32c0-17.67-14.33-32-32-32z\"><\/path><\/svg><\/span>\n\t\t<\/span>\n\n\t\t\t\t\t\t<\/summary>\n\t\t\t\t<div role=\"region\" aria-labelledby=\"e-n-accordion-item-1543\" class=\"elementor-element elementor-element-2705ddae e-flex e-con-boxed e-con e-child\" data-id=\"2705ddae\" data-element_type=\"container\" data-e-type=\"container\">\n\t\t\t\t\t<div class=\"e-con-inner\">\n\t\t\t\t<div class=\"elementor-element elementor-element-b335dec elementor-widget elementor-widget-text-editor\" data-id=\"b335dec\" data-element_type=\"widget\" data-e-type=\"widget\" data-widget_type=\"text-editor.default\">\n\t\t\t\t\t\t\t\t\t<p class=\"western\" lang=\"es-ES\" align=\"JUSTIFY\">1 ml\/20 a 40 kg de peso, equivalente a 0.1 g de Enrofloxacina; 1-5 mg de Bromhexina por cada 20-40 kg de peso vivo durante 3 a 5 d\u00edas.<\/p><p><strong>V\u00cdA DE ADMINISTRACI\u00d3N:<\/strong><\/p><p>Intramuscular.<\/p>\t\t\t\t\t\t\t\t<\/div>\n\t\t\t\t\t<\/div>\n\t\t\t\t<\/div>\n\t\t\t\t\t<\/details>\n\t\t\t\t\t\t<details id=\"e-n-accordion-item-1544\" class=\"e-n-accordion-item\" >\n\t\t\t\t<summary class=\"e-n-accordion-item-title\" data-accordion-index=\"5\" tabindex=\"-1\" aria-expanded=\"false\" aria-controls=\"e-n-accordion-item-1544\" >\n\t\t\t\t\t<span class='e-n-accordion-item-title-header'><div class=\"e-n-accordion-item-title-text\"> ADVERTENCIAS <\/div><\/span>\n\t\t\t\t\t\t\t<span class='e-n-accordion-item-title-icon'>\n\t\t\t<span class='e-opened' ><svg aria-hidden=\"true\" class=\"e-font-icon-svg e-fas-minus\" viewBox=\"0 0 448 512\" xmlns=\"http:\/\/www.w3.org\/2000\/svg\"><path d=\"M416 208H32c-17.67 0-32 14.33-32 32v32c0 17.67 14.33 32 32 32h384c17.67 0 32-14.33 32-32v-32c0-17.67-14.33-32-32-32z\"><\/path><\/svg><\/span>\n\t\t\t<span class='e-closed'><svg aria-hidden=\"true\" class=\"e-font-icon-svg e-fas-plus\" viewBox=\"0 0 448 512\" xmlns=\"http:\/\/www.w3.org\/2000\/svg\"><path d=\"M416 208H272V64c0-17.67-14.33-32-32-32h-32c-17.67 0-32 14.33-32 32v144H32c-17.67 0-32 14.33-32 32v32c0 17.67 14.33 32 32 32h144v144c0 17.67 14.33 32 32 32h32c17.67 0 32-14.33 32-32V304h144c17.67 0 32-14.33 32-32v-32c0-17.67-14.33-32-32-32z\"><\/path><\/svg><\/span>\n\t\t<\/span>\n\n\t\t\t\t\t\t<\/summary>\n\t\t\t\t<div role=\"region\" aria-labelledby=\"e-n-accordion-item-1544\" class=\"elementor-element elementor-element-1cd856f2 e-flex e-con-boxed e-con e-child\" data-id=\"1cd856f2\" data-element_type=\"container\" data-e-type=\"container\">\n\t\t\t\t\t<div class=\"e-con-inner\">\n\t\t\t\t<div class=\"elementor-element elementor-element-710c0f12 elementor-widget elementor-widget-text-editor\" data-id=\"710c0f12\" data-element_type=\"widget\" data-e-type=\"widget\" data-widget_type=\"text-editor.default\">\n\t\t\t\t\t\t\t\t\t<p>No administrar m\u00e1s de 10 ml en el mismo sitio de inyecci\u00f3n.<br \/>No administrar este producto 28 d\u00edas antes del sacrificio de los animales destinados al consumo humano.<br \/>No administrar en hembras en producci\u00f3n de leche para consumo humano.<br \/>No administrar en aves en producci\u00f3n de huevo para consumo humano.<br \/>Cons\u00e9rvese en un lugar fresco y seco, protegido de la luz solar.<br \/>Mant\u00e9ngase fuera del alcance de los ni\u00f1os y animales dom\u00e9sticos.<\/p><p><strong>PRESENTACI\u00d3N:<\/strong><\/p>\t\t\t\t\t\t\t\t<\/div>\n\t\t\t\t\t<\/div>\n\t\t\t\t<\/div>\n\t\t\t\t\t<\/details>\n\t\t\t\t\t<\/div>\n\t\t\t\t\t\t<\/div>\n\t\t\t\t\t<\/div>\n\t\t\t\t<\/div>\n\t\t<div class=\"elementor-element elementor-element-7d8f50cf e-grid e-con-boxed e-con e-parent\" data-id=\"7d8f50cf\" data-element_type=\"container\" data-e-type=\"container\">\n\t\t\t\t\t<div class=\"e-con-inner\">\n\t\t\t\t<div class=\"elementor-element elementor-element-7ad76c4d elementor-widget-divider--view-line elementor-widget elementor-widget-divider\" data-id=\"7ad76c4d\" data-element_type=\"widget\" data-e-type=\"widget\" data-widget_type=\"divider.default\">\n\t\t\t\t\t\t\t<div class=\"elementor-divider\">\n\t\t\t<span class=\"elementor-divider-separator\">\n\t\t\t\t\t\t<\/span>\n\t\t<\/div>\n\t\t\t\t\t\t<\/div>\n\t\t\t\t\t<\/div>\n\t\t\t\t<\/div>\n\t\t<div class=\"elementor-element elementor-element-5aa9c132 e-grid e-con-boxed e-con e-parent\" data-id=\"5aa9c132\" data-element_type=\"container\" data-e-type=\"container\">\n\t\t\t\t\t<div class=\"e-con-inner\">\n\t\t\t\t<div class=\"elementor-element elementor-element-79c1ed92 elementor-widget elementor-widget-heading\" data-id=\"79c1ed92\" data-element_type=\"widget\" data-e-type=\"widget\" data-widget_type=\"heading.default\">\n\t\t\t\t\t<h2 class=\"elementor-heading-title elementor-size-default\">PROMOCIONES:<\/h2>\t\t\t\t<\/div>\n\t\t\t\t\t<\/div>\n\t\t\t\t<\/div>\n\t\t\t\t<\/div>\n\t\t\n    <div class=\"xs_social_share_widget xs_share_url after_content \t\tmain_content  wslu-style-1 wslu-share-box-shaped wslu-fill-colored wslu-none wslu-share-horizontal wslu-theme-font-no wslu-main_content\">\n\n\t\t\n        <ul>\n\t\t\t        <\/ul>\n    <\/div> \n","protected":false},"excerpt":{"rendered":"<p>FARVETRYL MAX N\u00daMERO DE REGISTRO Q-5918-086 USO VETERINARIO SOLUCI\u00d3N INYECTABLE ANTIMICROBIANO Y MUCOL\u00cdTICO USO EN: F\u00d3RMULA Cada 100 ml contiene: Enrofloxacina \u2026\u2026\u2026\u2026\u2026\u2026\u2026.\u2026\u2026\u2026\u2026. 10 g. Bromhexina&#8230;<\/p>\n","protected":false},"author":1,"featured_media":0,"parent":0,"menu_order":0,"comment_status":"closed","ping_status":"closed","template":"","meta":{"postBodyCss":"","postBodyMargin":[],"postBodyPadding":[],"postBodyBackground":{"backgroundType":"classic","gradient":""},"footnotes":""},"categories":[],"tags":[],"wf_page_folders":[],"class_list":["post-5362","page","type-page","status-publish","hentry"],"_links":{"self":[{"href":"https:\/\/www.quimicafarvet.com.mx\/site\/wp-json\/wp\/v2\/pages\/5362","targetHints":{"allow":["GET"]}}],"collection":[{"href":"https:\/\/www.quimicafarvet.com.mx\/site\/wp-json\/wp\/v2\/pages"}],"about":[{"href":"https:\/\/www.quimicafarvet.com.mx\/site\/wp-json\/wp\/v2\/types\/page"}],"author":[{"embeddable":true,"href":"https:\/\/www.quimicafarvet.com.mx\/site\/wp-json\/wp\/v2\/users\/1"}],"replies":[{"embeddable":true,"href":"https:\/\/www.quimicafarvet.com.mx\/site\/wp-json\/wp\/v2\/comments?post=5362"}],"version-history":[{"count":4,"href":"https:\/\/www.quimicafarvet.com.mx\/site\/wp-json\/wp\/v2\/pages\/5362\/revisions"}],"predecessor-version":[{"id":5386,"href":"https:\/\/www.quimicafarvet.com.mx\/site\/wp-json\/wp\/v2\/pages\/5362\/revisions\/5386"}],"wp:attachment":[{"href":"https:\/\/www.quimicafarvet.com.mx\/site\/wp-json\/wp\/v2\/media?parent=5362"}],"wp:term":[{"taxonomy":"category","embeddable":true,"href":"https:\/\/www.quimicafarvet.com.mx\/site\/wp-json\/wp\/v2\/categories?post=5362"},{"taxonomy":"post_tag","embeddable":true,"href":"https:\/\/www.quimicafarvet.com.mx\/site\/wp-json\/wp\/v2\/tags?post=5362"},{"taxonomy":"wf_page_folders","embeddable":true,"href":"https:\/\/www.quimicafarvet.com.mx\/site\/wp-json\/wp\/v2\/wf_page_folders?post=5362"}],"curies":[{"name":"wp","href":"https:\/\/api.w.org\/{rel}","templated":true}]}}