{"id":5982,"date":"2025-10-22T05:36:17","date_gmt":"2025-10-22T05:36:17","guid":{"rendered":"https:\/\/www.quimicafarvet.com.mx\/site\/?page_id=5982"},"modified":"2025-12-08T17:04:00","modified_gmt":"2025-12-08T17:04:00","slug":"social","status":"publish","type":"page","link":"https:\/\/www.quimicafarvet.com.mx\/site\/social\/","title":{"rendered":"social"},"content":{"rendered":"\t\t<div data-elementor-type=\"wp-page\" data-elementor-id=\"5982\" class=\"elementor elementor-5982\" data-elementor-post-type=\"page\">\n\t\t\t\t<div class=\"elementor-element elementor-element-f9d70ed e-grid e-con-boxed e-con e-parent\" data-id=\"f9d70ed\" data-element_type=\"container\" data-e-type=\"container\">\n\t\t\t\t\t<div class=\"e-con-inner\">\n\t\t\t\t<div class=\"elementor-element elementor-element-c9dd648 elementor-widget elementor-widget-heading\" data-id=\"c9dd648\" data-element_type=\"widget\" data-e-type=\"widget\" data-widget_type=\"heading.default\">\n\t\t\t\t\t<h2 class=\"elementor-heading-title elementor-size-default\">Responsabilidad social<\/h2>\t\t\t\t<\/div>\n\t\t\t\t\t<\/div>\n\t\t\t\t<\/div>\n\t\t<div class=\"elementor-element elementor-element-052d747 e-flex e-con-boxed e-con e-parent\" data-id=\"052d747\" data-element_type=\"container\" data-e-type=\"container\">\n\t\t\t\t\t<div class=\"e-con-inner\">\n\t\t<div class=\"elementor-element elementor-element-2a50acc e-con-full e-flex e-con e-child\" data-id=\"2a50acc\" data-element_type=\"container\" data-e-type=\"container\">\n\t\t\t\t<div class=\"elementor-element elementor-element-f0b64c5 elementor-widget elementor-widget-image\" data-id=\"f0b64c5\" data-element_type=\"widget\" data-e-type=\"widget\" data-widget_type=\"image.default\">\n\t\t\t\t\t\t\t\t\t\t\t\t\t\t\t<img fetchpriority=\"high\" decoding=\"async\" width=\"300\" height=\"232\" src=\"https:\/\/www.quimicafarvet.com.mx\/site\/wp-content\/uploads\/2025\/10\/QUIMICA-FARVET-LOGO-300x232.png\" class=\"attachment-medium size-medium wp-image-4855\" alt=\"\" srcset=\"https:\/\/www.quimicafarvet.com.mx\/site\/wp-content\/uploads\/2025\/10\/QUIMICA-FARVET-LOGO-300x232.png 300w, https:\/\/www.quimicafarvet.com.mx\/site\/wp-content\/uploads\/2025\/10\/QUIMICA-FARVET-LOGO-1024x791.png 1024w, https:\/\/www.quimicafarvet.com.mx\/site\/wp-content\/uploads\/2025\/10\/QUIMICA-FARVET-LOGO-768x593.png 768w, https:\/\/www.quimicafarvet.com.mx\/site\/wp-content\/uploads\/2025\/10\/QUIMICA-FARVET-LOGO-1536x1187.png 1536w, https:\/\/www.quimicafarvet.com.mx\/site\/wp-content\/uploads\/2025\/10\/QUIMICA-FARVET-LOGO-2048x1583.png 2048w, https:\/\/www.quimicafarvet.com.mx\/site\/wp-content\/uploads\/2025\/10\/QUIMICA-FARVET-LOGO-600x464.png 600w, https:\/\/www.quimicafarvet.com.mx\/site\/wp-content\/uploads\/2025\/10\/QUIMICA-FARVET-LOGO-1x1.png 1w, https:\/\/www.quimicafarvet.com.mx\/site\/wp-content\/uploads\/2025\/10\/QUIMICA-FARVET-LOGO-10x8.png 10w\" sizes=\"(max-width: 300px) 100vw, 300px\" \/>\t\t\t\t\t\t\t\t\t\t\t\t\t\t\t<\/div>\n\t\t\t\t<\/div>\n\t\t<div class=\"elementor-element elementor-element-a64bcd1 e-con-full e-flex e-con e-child\" data-id=\"a64bcd1\" data-element_type=\"container\" data-e-type=\"container\">\n\t\t<div class=\"elementor-element elementor-element-df14415 e-con-full e-flex e-con e-child\" data-id=\"df14415\" data-element_type=\"container\" data-e-type=\"container\">\n\t\t\t\t<div class=\"elementor-element elementor-element-50211c0 elementor-widget elementor-widget-image\" data-id=\"50211c0\" data-element_type=\"widget\" data-e-type=\"widget\" data-widget_type=\"image.default\">\n\t\t\t\t\t\t\t\t\t\t\t\t\t\t\t<img decoding=\"async\" width=\"300\" height=\"118\" src=\"https:\/\/www.quimicafarvet.com.mx\/site\/wp-content\/uploads\/2025\/10\/ESR-300x118.png\" class=\"attachment-medium size-medium wp-image-5879\" alt=\"\" srcset=\"https:\/\/www.quimicafarvet.com.mx\/site\/wp-content\/uploads\/2025\/10\/ESR-300x118.png 300w, https:\/\/www.quimicafarvet.com.mx\/site\/wp-content\/uploads\/2025\/10\/ESR-1x1.png 1w, https:\/\/www.quimicafarvet.com.mx\/site\/wp-content\/uploads\/2025\/10\/ESR-10x4.png 10w, https:\/\/www.quimicafarvet.com.mx\/site\/wp-content\/uploads\/2025\/10\/elementor\/thumbs\/ESR-rdjjel2x1gkytsoudamvm6z4i2f486k2u19st882xo.png 380w, https:\/\/www.quimicafarvet.com.mx\/site\/wp-content\/uploads\/2025\/10\/ESR.png 571w\" sizes=\"(max-width: 300px) 100vw, 300px\" \/>\t\t\t\t\t\t\t\t\t\t\t\t\t\t\t<\/div>\n\t\t\t\t<\/div>\n\t\t\t\t<\/div>\n\t\t\t\t\t<\/div>\n\t\t\t\t<\/div>\n\t\t<div class=\"elementor-element elementor-element-3faaba4 e-flex e-con-boxed e-con e-parent\" data-id=\"3faaba4\" data-element_type=\"container\" data-e-type=\"container\">\n\t\t\t\t\t<div class=\"e-con-inner\">\n\t\t<div class=\"elementor-element elementor-element-9681f56 e-con-full e-flex e-con e-child\" data-id=\"9681f56\" data-element_type=\"container\" data-e-type=\"container\">\n\t\t\t\t<div class=\"elementor-element elementor-element-5e13e1f elementor-widget elementor-widget-image\" data-id=\"5e13e1f\" data-element_type=\"widget\" data-e-type=\"widget\" data-widget_type=\"image.default\">\n\t\t\t\t\t\t\t\t\t\t\t\t\t\t\t<img decoding=\"async\" width=\"768\" height=\"576\" src=\"https:\/\/www.quimicafarvet.com.mx\/site\/wp-content\/uploads\/2025\/12\/Donacion1-768x576.jpeg\" class=\"attachment-medium_large size-medium_large wp-image-6713\" alt=\"\" srcset=\"https:\/\/www.quimicafarvet.com.mx\/site\/wp-content\/uploads\/2025\/12\/Donacion1-768x576.jpeg 768w, https:\/\/www.quimicafarvet.com.mx\/site\/wp-content\/uploads\/2025\/12\/Donacion1-300x225.jpeg 300w, https:\/\/www.quimicafarvet.com.mx\/site\/wp-content\/uploads\/2025\/12\/Donacion1-1024x768.jpeg 1024w, https:\/\/www.quimicafarvet.com.mx\/site\/wp-content\/uploads\/2025\/12\/Donacion1-1536x1152.jpeg 1536w, https:\/\/www.quimicafarvet.com.mx\/site\/wp-content\/uploads\/2025\/12\/Donacion1-1x1.jpeg 1w, https:\/\/www.quimicafarvet.com.mx\/site\/wp-content\/uploads\/2025\/12\/Donacion1-10x8.jpeg 10w, https:\/\/www.quimicafarvet.com.mx\/site\/wp-content\/uploads\/2025\/12\/Donacion1.jpeg 1600w\" sizes=\"(max-width: 768px) 100vw, 768px\" \/>\t\t\t\t\t\t\t\t\t\t\t\t\t\t\t<\/div>\n\t\t\t\t<\/div>\n\t\t<div class=\"elementor-element elementor-element-0f88b74 e-con-full e-flex e-con e-child\" data-id=\"0f88b74\" data-element_type=\"container\" data-e-type=\"container\">\n\t\t<div class=\"elementor-element elementor-element-1cdbc30 e-con-full e-flex e-con e-child\" data-id=\"1cdbc30\" data-element_type=\"container\" data-e-type=\"container\">\n\t\t\t\t<div class=\"elementor-element elementor-element-a861532 elementor-widget elementor-widget-text-editor\" data-id=\"a861532\" data-element_type=\"widget\" data-e-type=\"widget\" data-widget_type=\"text-editor.default\">\n\t\t\t\t\t\t\t\t\t<p data-path-to-node=\"3\"><b>Sembrando futuro: Nuestro compromiso<\/b><\/p><p data-path-to-node=\"3\">En <b>Qu\u00edmica Farvet<\/b>, creemos que la f\u00f3rmula m\u00e1s importante para el \u00e9xito se encuentra en el bienestar de nuestra comunidad.<\/p><p data-path-to-node=\"5\">Como parte de nuestras actividades de <b>Responsabilidad Social Empresarial (ESR)<\/b>, tuvimos el honor de\u00a0 contribuir a mejorar los espacios donde estos ni\u00f1os aprenden y crecen cada d\u00eda. Ver sus sonrisas y entusiasmo nos confirma que estamos en el camino correcto.<\/p><p data-path-to-node=\"8\">\u00a1Gracias por permitirnos ser parte de su historia! Sigamos construyendo juntos un mejor ma\u00f1ana.<\/p>\t\t\t\t\t\t\t\t<\/div>\n\t\t\t\t<\/div>\n\t\t<div class=\"elementor-element elementor-element-65ea9ee e-con-full e-flex e-con e-child\" data-id=\"65ea9ee\" data-element_type=\"container\" data-e-type=\"container\">\n\t\t\t\t<div class=\"elementor-element elementor-element-38a0f92 elementor-widget elementor-widget-image\" data-id=\"38a0f92\" data-element_type=\"widget\" data-e-type=\"widget\" data-widget_type=\"image.default\">\n\t\t\t\t\t\t\t\t\t\t\t\t\t\t\t<img loading=\"lazy\" decoding=\"async\" width=\"300\" height=\"225\" src=\"https:\/\/www.quimicafarvet.com.mx\/site\/wp-content\/uploads\/2025\/12\/Donacion2-300x225.jpeg\" class=\"attachment-medium size-medium wp-image-6715\" alt=\"\" srcset=\"https:\/\/www.quimicafarvet.com.mx\/site\/wp-content\/uploads\/2025\/12\/Donacion2-300x225.jpeg 300w, https:\/\/www.quimicafarvet.com.mx\/site\/wp-content\/uploads\/2025\/12\/Donacion2-1024x768.jpeg 1024w, https:\/\/www.quimicafarvet.com.mx\/site\/wp-content\/uploads\/2025\/12\/Donacion2-768x576.jpeg 768w, https:\/\/www.quimicafarvet.com.mx\/site\/wp-content\/uploads\/2025\/12\/Donacion2-1536x1152.jpeg 1536w, https:\/\/www.quimicafarvet.com.mx\/site\/wp-content\/uploads\/2025\/12\/Donacion2-1x1.jpeg 1w, https:\/\/www.quimicafarvet.com.mx\/site\/wp-content\/uploads\/2025\/12\/Donacion2-10x8.jpeg 10w, https:\/\/www.quimicafarvet.com.mx\/site\/wp-content\/uploads\/2025\/12\/Donacion2.jpeg 1600w\" sizes=\"(max-width: 300px) 100vw, 300px\" \/>\t\t\t\t\t\t\t\t\t\t\t\t\t\t\t<\/div>\n\t\t\t\t<\/div>\n\t\t\t\t<\/div>\n\t\t\t\t\t<\/div>\n\t\t\t\t<\/div>\n\t\t<div class=\"elementor-element elementor-element-09040e7 e-grid e-con-boxed e-con e-parent\" data-id=\"09040e7\" data-element_type=\"container\" data-e-type=\"container\">\n\t\t\t\t\t<div class=\"e-con-inner\">\n\t\t\t\t<div class=\"elementor-element elementor-element-1ed77ae elementor-widget elementor-widget-text-editor\" data-id=\"1ed77ae\" data-element_type=\"widget\" data-e-type=\"widget\" data-widget_type=\"text-editor.default\">\n\t\t\t\t\t\t\t\t\t<p>Construyendo Futuros:<\/p><p>\u00abUn Aula, Restaurando Sue\u00f1os\u00bb<\/p>\t\t\t\t\t\t\t\t<\/div>\n\t\t\t\t\t<\/div>\n\t\t\t\t<\/div>\n\t\t<div class=\"elementor-element elementor-element-b940897 e-grid e-con-boxed e-con e-parent\" data-id=\"b940897\" data-element_type=\"container\" data-e-type=\"container\">\n\t\t\t\t\t<div class=\"e-con-inner\">\n\t\t\t\t<div class=\"elementor-element elementor-element-1cf511b elementor-widget elementor-widget-image\" data-id=\"1cf511b\" data-element_type=\"widget\" data-e-type=\"widget\" data-widget_type=\"image.default\">\n\t\t\t\t\t\t\t\t\t\t\t\t\t\t\t<img loading=\"lazy\" decoding=\"async\" width=\"1024\" height=\"580\" src=\"https:\/\/www.quimicafarvet.com.mx\/site\/wp-content\/uploads\/2025\/10\/2025-10-22-at-11.04.32-AM-1024x580.jpeg\" class=\"attachment-large size-large wp-image-6055\" alt=\"\" srcset=\"https:\/\/www.quimicafarvet.com.mx\/site\/wp-content\/uploads\/2025\/10\/2025-10-22-at-11.04.32-AM-1024x580.jpeg 1024w, https:\/\/www.quimicafarvet.com.mx\/site\/wp-content\/uploads\/2025\/10\/2025-10-22-at-11.04.32-AM-300x170.jpeg 300w, https:\/\/www.quimicafarvet.com.mx\/site\/wp-content\/uploads\/2025\/10\/2025-10-22-at-11.04.32-AM-768x435.jpeg 768w, https:\/\/www.quimicafarvet.com.mx\/site\/wp-content\/uploads\/2025\/10\/2025-10-22-at-11.04.32-AM-1x1.jpeg 1w, https:\/\/www.quimicafarvet.com.mx\/site\/wp-content\/uploads\/2025\/10\/2025-10-22-at-11.04.32-AM-10x6.jpeg 10w, https:\/\/www.quimicafarvet.com.mx\/site\/wp-content\/uploads\/2025\/10\/2025-10-22-at-11.04.32-AM.jpeg 1099w\" sizes=\"(max-width: 1024px) 100vw, 1024px\" \/>\t\t\t\t\t\t\t\t\t\t\t\t\t\t\t<\/div>\n\t\t\t\t<div class=\"elementor-element elementor-element-cdc3610 elementor-widget elementor-widget-text-editor\" data-id=\"cdc3610\" data-element_type=\"widget\" data-e-type=\"widget\" data-widget_type=\"text-editor.default\">\n\t\t\t\t\t\t\t\t\t<p>El proyecto \u00abUn Aula, Restaurando Sue\u00f1os\u00bb se erige como un faro de esperanza, transformando espacios educativos y, m\u00e1s importante a\u00fan, vidas. En su coraz\u00f3n, la Responsabilidad Social Empresarial (ESR) no es solo un componente adicional, sino el motor que impulsa un cambio sostenible y significativo. Las empresas colaboradoras, a trav\u00e9s de una serie de actividades ESR cuidadosamente dise\u00f1adas, demuestran un compromiso genuino con la comunidad, yendo m\u00e1s all\u00e1 de la mera filantrop\u00eda para integrarse activamente en el tejido social.<\/p>\t\t\t\t\t\t\t\t<\/div>\n\t\t\t\t\t<\/div>\n\t\t\t\t<\/div>\n\t\t<div class=\"elementor-element elementor-element-4ad006f e-grid e-con-boxed e-con e-parent\" data-id=\"4ad006f\" data-element_type=\"container\" data-e-type=\"container\">\n\t\t\t\t\t<div class=\"e-con-inner\">\n\t\t\t\t<div class=\"elementor-element elementor-element-3f38538 elementor-widget elementor-widget-image\" data-id=\"3f38538\" data-element_type=\"widget\" data-e-type=\"widget\" data-widget_type=\"image.default\">\n\t\t\t\t\t\t\t\t\t\t\t\t\t\t\t<img loading=\"lazy\" decoding=\"async\" width=\"1024\" height=\"633\" src=\"https:\/\/www.quimicafarvet.com.mx\/site\/wp-content\/uploads\/2025\/10\/2025-10-22-at-11.02.19-AM-1-copia.jpeg\" class=\"attachment-large size-large wp-image-6061\" alt=\"\" srcset=\"https:\/\/www.quimicafarvet.com.mx\/site\/wp-content\/uploads\/2025\/10\/2025-10-22-at-11.02.19-AM-1-copia.jpeg 1024w, https:\/\/www.quimicafarvet.com.mx\/site\/wp-content\/uploads\/2025\/10\/2025-10-22-at-11.02.19-AM-1-copia-300x185.jpeg 300w, https:\/\/www.quimicafarvet.com.mx\/site\/wp-content\/uploads\/2025\/10\/2025-10-22-at-11.02.19-AM-1-copia-768x475.jpeg 768w, https:\/\/www.quimicafarvet.com.mx\/site\/wp-content\/uploads\/2025\/10\/2025-10-22-at-11.02.19-AM-1-copia-1x1.jpeg 1w, https:\/\/www.quimicafarvet.com.mx\/site\/wp-content\/uploads\/2025\/10\/2025-10-22-at-11.02.19-AM-1-copia-10x6.jpeg 10w\" sizes=\"(max-width: 1024px) 100vw, 1024px\" \/>\t\t\t\t\t\t\t\t\t\t\t\t\t\t\t<\/div>\n\t\t\t\t<div class=\"elementor-element elementor-element-ea11897 elementor-widget elementor-widget-image\" data-id=\"ea11897\" data-element_type=\"widget\" data-e-type=\"widget\" data-widget_type=\"image.default\">\n\t\t\t\t\t\t\t\t\t\t\t\t\t\t\t<img loading=\"lazy\" decoding=\"async\" width=\"1024\" height=\"448\" src=\"https:\/\/www.quimicafarvet.com.mx\/site\/wp-content\/uploads\/2025\/10\/2025-10-22-at-11.02.19-AM-2-1024x448.jpeg\" class=\"attachment-large size-large wp-image-6059\" alt=\"\" srcset=\"https:\/\/www.quimicafarvet.com.mx\/site\/wp-content\/uploads\/2025\/10\/2025-10-22-at-11.02.19-AM-2-1024x448.jpeg 1024w, https:\/\/www.quimicafarvet.com.mx\/site\/wp-content\/uploads\/2025\/10\/2025-10-22-at-11.02.19-AM-2-300x131.jpeg 300w, https:\/\/www.quimicafarvet.com.mx\/site\/wp-content\/uploads\/2025\/10\/2025-10-22-at-11.02.19-AM-2-768x336.jpeg 768w, https:\/\/www.quimicafarvet.com.mx\/site\/wp-content\/uploads\/2025\/10\/2025-10-22-at-11.02.19-AM-2-1536x672.jpeg 1536w, https:\/\/www.quimicafarvet.com.mx\/site\/wp-content\/uploads\/2025\/10\/2025-10-22-at-11.02.19-AM-2-1x1.jpeg 1w, https:\/\/www.quimicafarvet.com.mx\/site\/wp-content\/uploads\/2025\/10\/2025-10-22-at-11.02.19-AM-2-10x4.jpeg 10w, https:\/\/www.quimicafarvet.com.mx\/site\/wp-content\/uploads\/2025\/10\/2025-10-22-at-11.02.19-AM-2.jpeg 1600w\" sizes=\"(max-width: 1024px) 100vw, 1024px\" \/>\t\t\t\t\t\t\t\t\t\t\t\t\t\t\t<\/div>\n\t\t\t\t<div class=\"elementor-element elementor-element-e68118b elementor-widget elementor-widget-image\" data-id=\"e68118b\" data-element_type=\"widget\" data-e-type=\"widget\" data-widget_type=\"image.default\">\n\t\t\t\t\t\t\t\t\t\t\t\t\t\t\t<img loading=\"lazy\" decoding=\"async\" width=\"1024\" height=\"549\" src=\"https:\/\/www.quimicafarvet.com.mx\/site\/wp-content\/uploads\/2025\/10\/2025-10-22-at-11.02.19-AM-1-1-1024x549.jpeg\" class=\"attachment-large size-large wp-image-6063\" alt=\"\" srcset=\"https:\/\/www.quimicafarvet.com.mx\/site\/wp-content\/uploads\/2025\/10\/2025-10-22-at-11.02.19-AM-1-1-1024x549.jpeg 1024w, https:\/\/www.quimicafarvet.com.mx\/site\/wp-content\/uploads\/2025\/10\/2025-10-22-at-11.02.19-AM-1-1-300x161.jpeg 300w, https:\/\/www.quimicafarvet.com.mx\/site\/wp-content\/uploads\/2025\/10\/2025-10-22-at-11.02.19-AM-1-1-768x412.jpeg 768w, https:\/\/www.quimicafarvet.com.mx\/site\/wp-content\/uploads\/2025\/10\/2025-10-22-at-11.02.19-AM-1-1-1x1.jpeg 1w, https:\/\/www.quimicafarvet.com.mx\/site\/wp-content\/uploads\/2025\/10\/2025-10-22-at-11.02.19-AM-1-1-10x5.jpeg 10w, https:\/\/www.quimicafarvet.com.mx\/site\/wp-content\/uploads\/2025\/10\/2025-10-22-at-11.02.19-AM-1-1.jpeg 1044w\" sizes=\"(max-width: 1024px) 100vw, 1024px\" \/>\t\t\t\t\t\t\t\t\t\t\t\t\t\t\t<\/div>\n\t\t\t\t\t<\/div>\n\t\t\t\t<\/div>\n\t\t<div class=\"elementor-element elementor-element-ea7dac9 e-grid e-con-boxed e-con e-parent\" data-id=\"ea7dac9\" data-element_type=\"container\" data-e-type=\"container\">\n\t\t\t\t\t<div class=\"e-con-inner\">\n\t\t\t\t<div class=\"elementor-element elementor-element-d60cc81 elementor-widget elementor-widget-text-editor\" data-id=\"d60cc81\" data-element_type=\"widget\" data-e-type=\"widget\" data-widget_type=\"text-editor.default\">\n\t\t\t\t\t\t\t\t\t<p>Sembrando Futuros Sostenibles<\/p><p>\u00a0Proyecto de Huertos Escolares<\/p>\t\t\t\t\t\t\t\t<\/div>\n\t\t\t\t\t<\/div>\n\t\t\t\t<\/div>\n\t\t<div class=\"elementor-element elementor-element-8d8a720 e-flex e-con-boxed e-con e-parent\" data-id=\"8d8a720\" data-element_type=\"container\" data-e-type=\"container\">\n\t\t\t\t\t<div class=\"e-con-inner\">\n\t\t<div class=\"elementor-element elementor-element-1c2fdd0 e-con-full e-flex e-con e-child\" data-id=\"1c2fdd0\" data-element_type=\"container\" data-e-type=\"container\">\n\t\t\t\t<div class=\"elementor-element elementor-element-9bb6483 elementor-widget elementor-widget-image\" data-id=\"9bb6483\" data-element_type=\"widget\" data-e-type=\"widget\" data-widget_type=\"image.default\">\n\t\t\t\t\t\t\t\t\t\t\t\t\t\t\t<img loading=\"lazy\" decoding=\"async\" width=\"886\" height=\"422\" src=\"https:\/\/www.quimicafarvet.com.mx\/site\/wp-content\/uploads\/2025\/10\/2025-10-22-24-AM-3.jpeg\" class=\"attachment-large size-large wp-image-6072\" alt=\"\" srcset=\"https:\/\/www.quimicafarvet.com.mx\/site\/wp-content\/uploads\/2025\/10\/2025-10-22-24-AM-3.jpeg 886w, https:\/\/www.quimicafarvet.com.mx\/site\/wp-content\/uploads\/2025\/10\/2025-10-22-24-AM-3-300x143.jpeg 300w, https:\/\/www.quimicafarvet.com.mx\/site\/wp-content\/uploads\/2025\/10\/2025-10-22-24-AM-3-768x366.jpeg 768w, https:\/\/www.quimicafarvet.com.mx\/site\/wp-content\/uploads\/2025\/10\/2025-10-22-24-AM-3-1x1.jpeg 1w, https:\/\/www.quimicafarvet.com.mx\/site\/wp-content\/uploads\/2025\/10\/2025-10-22-24-AM-3-10x5.jpeg 10w\" sizes=\"(max-width: 886px) 100vw, 886px\" \/>\t\t\t\t\t\t\t\t\t\t\t\t\t\t\t<\/div>\n\t\t\t\t<\/div>\n\t\t<div class=\"elementor-element elementor-element-661ca7e e-con-full e-flex e-con e-child\" data-id=\"661ca7e\" data-element_type=\"container\" data-e-type=\"container\">\n\t\t\t\t<div class=\"elementor-element elementor-element-5dbf50b elementor-widget elementor-widget-text-editor\" data-id=\"5dbf50b\" data-element_type=\"widget\" data-e-type=\"widget\" data-widget_type=\"text-editor.default\">\n\t\t\t\t\t\t\t\t\t<p>La presencia de un huerto escolar no solo embellece el espacio, sino que se convierte en un punto de encuentro y aprendizaje para toda la comunidad educativa. La frase \u00abQuien tiene un huerto, tiene un tesoro\u00bb resuena con la idea de que este proyecto es una inversi\u00f3n en el bienestar colectivo, proporcionando alimentos frescos y fomentando la autogesti\u00f3n y la resiliencia en la escuela de San Crist\u00f3bal<\/p>\t\t\t\t\t\t\t\t<\/div>\n\t\t\t\t<\/div>\n\t\t<div class=\"elementor-element elementor-element-db01694 e-con-full e-flex e-con e-child\" data-id=\"db01694\" data-element_type=\"container\" data-e-type=\"container\">\n\t\t\t\t<div class=\"elementor-element elementor-element-43404a5 elementor-widget elementor-widget-image\" data-id=\"43404a5\" data-element_type=\"widget\" data-e-type=\"widget\" data-widget_type=\"image.default\">\n\t\t\t\t\t\t\t\t\t\t\t\t\t\t\t<img loading=\"lazy\" decoding=\"async\" width=\"768\" height=\"369\" src=\"https:\/\/www.quimicafarvet.com.mx\/site\/wp-content\/uploads\/2025\/10\/2025-10-22-24-AM-1-768x369.jpeg\" class=\"attachment-medium_large size-medium_large wp-image-6074\" alt=\"\" srcset=\"https:\/\/www.quimicafarvet.com.mx\/site\/wp-content\/uploads\/2025\/10\/2025-10-22-24-AM-1-768x369.jpeg 768w, https:\/\/www.quimicafarvet.com.mx\/site\/wp-content\/uploads\/2025\/10\/2025-10-22-24-AM-1-300x144.jpeg 300w, https:\/\/www.quimicafarvet.com.mx\/site\/wp-content\/uploads\/2025\/10\/2025-10-22-24-AM-1-1x1.jpeg 1w, https:\/\/www.quimicafarvet.com.mx\/site\/wp-content\/uploads\/2025\/10\/2025-10-22-24-AM-1-10x5.jpeg 10w, https:\/\/www.quimicafarvet.com.mx\/site\/wp-content\/uploads\/2025\/10\/2025-10-22-24-AM-1.jpeg 959w\" sizes=\"(max-width: 768px) 100vw, 768px\" \/>\t\t\t\t\t\t\t\t\t\t\t\t\t\t\t<\/div>\n\t\t\t\t<\/div>\n\t\t<div class=\"elementor-element elementor-element-3e827d2 e-con-full e-flex e-con e-child\" data-id=\"3e827d2\" data-element_type=\"container\" data-e-type=\"container\">\n\t\t\t\t<div class=\"elementor-element elementor-element-963c2cd elementor-widget elementor-widget-image\" data-id=\"963c2cd\" data-element_type=\"widget\" data-e-type=\"widget\" data-widget_type=\"image.default\">\n\t\t\t\t\t\t\t\t\t\t\t\t\t\t\t<img loading=\"lazy\" decoding=\"async\" width=\"768\" height=\"398\" src=\"https:\/\/www.quimicafarvet.com.mx\/site\/wp-content\/uploads\/2025\/10\/2025-10-22-24-AM-4-768x398.jpeg\" class=\"attachment-medium_large size-medium_large wp-image-6079\" alt=\"\" srcset=\"https:\/\/www.quimicafarvet.com.mx\/site\/wp-content\/uploads\/2025\/10\/2025-10-22-24-AM-4-768x398.jpeg 768w, https:\/\/www.quimicafarvet.com.mx\/site\/wp-content\/uploads\/2025\/10\/2025-10-22-24-AM-4-300x155.jpeg 300w, https:\/\/www.quimicafarvet.com.mx\/site\/wp-content\/uploads\/2025\/10\/2025-10-22-24-AM-4-1x1.jpeg 1w, https:\/\/www.quimicafarvet.com.mx\/site\/wp-content\/uploads\/2025\/10\/2025-10-22-24-AM-4-10x5.jpeg 10w, https:\/\/www.quimicafarvet.com.mx\/site\/wp-content\/uploads\/2025\/10\/2025-10-22-24-AM-4.jpeg 886w\" sizes=\"(max-width: 768px) 100vw, 768px\" \/>\t\t\t\t\t\t\t\t\t\t\t\t\t\t\t<\/div>\n\t\t\t\t<\/div>\n\t\t<div class=\"elementor-element elementor-element-8d16d89 e-con-full e-flex e-con e-child\" data-id=\"8d16d89\" data-element_type=\"container\" data-e-type=\"container\">\n\t\t\t\t<div class=\"elementor-element elementor-element-981ca68 elementor-widget elementor-widget-image\" data-id=\"981ca68\" data-element_type=\"widget\" data-e-type=\"widget\" data-widget_type=\"image.default\">\n\t\t\t\t\t\t\t\t\t\t\t\t\t\t\t<img loading=\"lazy\" decoding=\"async\" width=\"768\" height=\"621\" src=\"https:\/\/www.quimicafarvet.com.mx\/site\/wp-content\/uploads\/2025\/10\/huerto-escolar2-768x621.jpeg\" class=\"attachment-medium_large size-medium_large wp-image-6077\" alt=\"\" srcset=\"https:\/\/www.quimicafarvet.com.mx\/site\/wp-content\/uploads\/2025\/10\/huerto-escolar2-768x621.jpeg 768w, https:\/\/www.quimicafarvet.com.mx\/site\/wp-content\/uploads\/2025\/10\/huerto-escolar2-300x242.jpeg 300w, https:\/\/www.quimicafarvet.com.mx\/site\/wp-content\/uploads\/2025\/10\/huerto-escolar2-1024x828.jpeg 1024w, https:\/\/www.quimicafarvet.com.mx\/site\/wp-content\/uploads\/2025\/10\/huerto-escolar2-1x1.jpeg 1w, https:\/\/www.quimicafarvet.com.mx\/site\/wp-content\/uploads\/2025\/10\/huerto-escolar2-10x8.jpeg 10w, https:\/\/www.quimicafarvet.com.mx\/site\/wp-content\/uploads\/2025\/10\/huerto-escolar2.jpeg 1152w\" sizes=\"(max-width: 768px) 100vw, 768px\" \/>\t\t\t\t\t\t\t\t\t\t\t\t\t\t\t<\/div>\n\t\t\t\t<\/div>\n\t\t\t\t\t<\/div>\n\t\t\t\t<\/div>\n\t\t\t\t<\/div>\n\t\t\n    <div class=\"xs_social_share_widget xs_share_url after_content \t\tmain_content  wslu-style-1 wslu-share-box-shaped wslu-fill-colored wslu-none wslu-share-horizontal wslu-theme-font-no wslu-main_content\">\n\n\t\t\n        <ul>\n\t\t\t        <\/ul>\n    <\/div> \n","protected":false},"excerpt":{"rendered":"<p>Responsabilidad social Sembrando futuro: Nuestro compromiso En Qu\u00edmica Farvet, creemos que la f\u00f3rmula m\u00e1s importante para el \u00e9xito se encuentra en el bienestar de nuestra&#8230;<\/p>\n","protected":false},"author":1,"featured_media":0,"parent":0,"menu_order":0,"comment_status":"closed","ping_status":"closed","template":"","meta":{"postBodyCss":"","postBodyMargin":[],"postBodyPadding":[],"postBodyBackground":{"backgroundType":"classic","gradient":""},"footnotes":""},"categories":[],"tags":[],"wf_page_folders":[],"class_list":["post-5982","page","type-page","status-publish","hentry"],"_links":{"self":[{"href":"https:\/\/www.quimicafarvet.com.mx\/site\/wp-json\/wp\/v2\/pages\/5982","targetHints":{"allow":["GET"]}}],"collection":[{"href":"https:\/\/www.quimicafarvet.com.mx\/site\/wp-json\/wp\/v2\/pages"}],"about":[{"href":"https:\/\/www.quimicafarvet.com.mx\/site\/wp-json\/wp\/v2\/types\/page"}],"author":[{"embeddable":true,"href":"https:\/\/www.quimicafarvet.com.mx\/site\/wp-json\/wp\/v2\/users\/1"}],"replies":[{"embeddable":true,"href":"https:\/\/www.quimicafarvet.com.mx\/site\/wp-json\/wp\/v2\/comments?post=5982"}],"version-history":[{"count":19,"href":"https:\/\/www.quimicafarvet.com.mx\/site\/wp-json\/wp\/v2\/pages\/5982\/revisions"}],"predecessor-version":[{"id":6723,"href":"https:\/\/www.quimicafarvet.com.mx\/site\/wp-json\/wp\/v2\/pages\/5982\/revisions\/6723"}],"wp:attachment":[{"href":"https:\/\/www.quimicafarvet.com.mx\/site\/wp-json\/wp\/v2\/media?parent=5982"}],"wp:term":[{"taxonomy":"category","embeddable":true,"href":"https:\/\/www.quimicafarvet.com.mx\/site\/wp-json\/wp\/v2\/categories?post=5982"},{"taxonomy":"post_tag","embeddable":true,"href":"https:\/\/www.quimicafarvet.com.mx\/site\/wp-json\/wp\/v2\/tags?post=5982"},{"taxonomy":"wf_page_folders","embeddable":true,"href":"https:\/\/www.quimicafarvet.com.mx\/site\/wp-json\/wp\/v2\/wf_page_folders?post=5982"}],"curies":[{"name":"wp","href":"https:\/\/api.w.org\/{rel}","templated":true}]}}