{"id":7545,"date":"2026-01-19T14:52:52","date_gmt":"2026-01-19T14:52:52","guid":{"rendered":"https:\/\/www.quimicafarvet.com.mx\/site\/?page_id=7545"},"modified":"2026-01-19T17:01:52","modified_gmt":"2026-01-19T17:01:52","slug":"minerales","status":"publish","type":"page","link":"https:\/\/www.quimicafarvet.com.mx\/site\/minerales\/","title":{"rendered":"MINERALES"},"content":{"rendered":"\t\t<div data-elementor-type=\"wp-page\" data-elementor-id=\"7545\" class=\"elementor elementor-7545\" data-elementor-post-type=\"page\">\n\t\t\t\t<div class=\"elementor-element elementor-element-69417f1 e-grid e-con-boxed e-con e-parent\" data-id=\"69417f1\" data-element_type=\"container\" data-e-type=\"container\">\n\t\t\t\t\t<div class=\"e-con-inner\">\n\t\t\t\t<div class=\"elementor-element elementor-element-51b9e5a elementor-widget elementor-widget-heading\" data-id=\"51b9e5a\" data-element_type=\"widget\" data-e-type=\"widget\" data-widget_type=\"heading.default\">\n\t\t\t\t\t<h2 class=\"elementor-heading-title elementor-size-default\">VITAMINAS<\/h2>\t\t\t\t<\/div>\n\t\t\t\t\t<\/div>\n\t\t\t\t<\/div>\n\t\t<div class=\"elementor-element elementor-element-e532d80 e-flex e-con-boxed e-con e-parent\" data-id=\"e532d80\" data-element_type=\"container\" data-e-type=\"container\">\n\t\t\t\t\t<div class=\"e-con-inner\">\n\t\t<div class=\"elementor-element elementor-element-e8666d7 e-con-full e-flex e-con e-child\" data-id=\"e8666d7\" data-element_type=\"container\" data-e-type=\"container\">\n\t\t\t\t<div class=\"elementor-element elementor-element-17d2d43 elementor-widget elementor-widget-image\" data-id=\"17d2d43\" data-element_type=\"widget\" data-e-type=\"widget\" data-widget_type=\"image.default\">\n\t\t\t\t\t\t\t\t\t\t\t\t\t\t\t\t<a href=\"https:\/\/www.quimicafarvet.com.mx\/site\/hierrofarvet\/\">\n\t\t\t\t\t\t\t<img fetchpriority=\"high\" decoding=\"async\" width=\"290\" height=\"300\" src=\"https:\/\/www.quimicafarvet.com.mx\/site\/wp-content\/uploads\/xstore\/xstore-placeholder-300x300.png\" class=\"attachment-medium size-medium wp-image-7551 lazyload lazyload-simple et-lazyload-fadeIn\" alt=\"\" sizes=\"(max-width: 290px) 100vw, 290px\" data-src=\"https:\/\/www.quimicafarvet.com.mx\/site\/wp-content\/uploads\/2026\/01\/hierro-farvet-100-ml_web-1.png\" data-srcset=\"https:\/\/www.quimicafarvet.com.mx\/site\/wp-content\/uploads\/2026\/01\/hierro-farvet-100-ml_web-1.png 290w, https:\/\/www.quimicafarvet.com.mx\/site\/wp-content\/uploads\/2026\/01\/hierro-farvet-100-ml_web-1-1x1.png 1w, https:\/\/www.quimicafarvet.com.mx\/site\/wp-content\/uploads\/2026\/01\/hierro-farvet-100-ml_web-1-10x10.png 10w\" \/>\t\t\t\t\t\t\t\t<\/a>\n\t\t\t\t\t\t\t\t\t\t\t\t\t\t\t<\/div>\n\t\t\t\t<\/div>\n\t\t<div class=\"elementor-element elementor-element-78f8510 e-con-full e-flex e-con e-child\" data-id=\"78f8510\" data-element_type=\"container\" data-e-type=\"container\">\n\t\t<div class=\"elementor-element elementor-element-1a4064e e-con-full e-flex e-con e-child\" data-id=\"1a4064e\" data-element_type=\"container\" data-e-type=\"container\">\n\t\t\t\t<div class=\"elementor-element elementor-element-4d67265 elementor-widget elementor-widget-heading\" data-id=\"4d67265\" data-element_type=\"widget\" data-e-type=\"widget\" data-widget_type=\"heading.default\">\n\t\t\t\t\t<h2 class=\"elementor-heading-title elementor-size-default\"><a href=\"https:\/\/www.quimicafarvet.com.mx\/site\/hierrofarvet\/\">HIERRO FARVET\u00ae<\/a><\/h2>\t\t\t\t<\/div>\n\t\t\t\t<\/div>\n\t\t<div class=\"elementor-element elementor-element-456b742 e-con-full e-flex e-con e-child\" data-id=\"456b742\" data-element_type=\"container\" data-e-type=\"container\">\n\t\t\t\t<div class=\"elementor-element elementor-element-0ea39c0 elementor-widget elementor-widget-text-editor\" data-id=\"0ea39c0\" data-element_type=\"widget\" data-e-type=\"widget\" data-widget_type=\"text-editor.default\">\n\t\t\t\t\t\t\t\t\t<div class=\"wp-block-columns is-layout-flex wp-container-core-columns-is-layout-28f84493 wp-block-columns-is-layout-flex\"><div class=\"wp-block-column is-vertically-aligned-bottom is-layout-flow wp-block-column-is-layout-flow\"><p><strong>N\u00daMERO DE REGISTRO Q-5918-012<\/strong><br \/>USO VETERINARIO<br \/>SOLUCI\u00d3N INYECTABLE<br \/>ANTIAN\u00c9MICO<\/p><\/div><div class=\"wp-block-column is-layout-flow wp-block-column-is-layout-flow\"><div class=\"wp-block-image is-style-default\">\u00a0<\/div><\/div><\/div><p><strong>F\u00d3RMULA:<\/strong><\/p><p>Cada 100 mL contienen:<\/p><div class=\"wp-block-group\"><div class=\"wp-block-group__inner-container is-layout-flow wp-block-group-is-layout-flow\"><ul class=\"wp-block-list\"><li>Hierro dextr\u00e1n \u2026\u2026\u2026\u2026\u2026\u2026\u2026\u2026\u2026 10.0 g.<\/li><li>Veh\u00edculo c.b.p. \u2026\u2026\u2026\u2026\u2026\u2026\u2026.. 100.0 mL.<\/li><\/ul><\/div><\/div>\t\t\t\t\t\t\t\t<\/div>\n\t\t\t\t<div class=\"elementor-element elementor-element-15275ab elementor-align-center elementor-widget elementor-widget-button\" data-id=\"15275ab\" data-element_type=\"widget\" data-e-type=\"widget\" data-widget_type=\"button.default\">\n\t\t\t\t\t\t\t\t\t\t<a class=\"elementor-button elementor-button-link elementor-size-sm\" href=\"http:\/\/www.quimicafarvet.com.mx\/site\/wp-content\/uploads\/2025\/10\/HIERRO-FARVET-Ficha-Tecnica.-2025-1.pdf\">\n\t\t\t\t\t\t<span class=\"elementor-button-content-wrapper\">\n\t\t\t\t\t\t\t\t\t<span class=\"elementor-button-text\">Ficha t\u00e9cnica (PDF)<\/span>\n\t\t\t\t\t<\/span>\n\t\t\t\t\t<\/a>\n\t\t\t\t\t\t\t\t<\/div>\n\t\t\t\t<\/div>\n\t\t\t\t<\/div>\n\t\t\t\t\t<\/div>\n\t\t\t\t<\/div>\n\t\t<div class=\"elementor-element elementor-element-e4f9923 e-flex e-con-boxed e-con e-parent\" data-id=\"e4f9923\" data-element_type=\"container\" data-e-type=\"container\">\n\t\t\t\t\t<div class=\"e-con-inner\">\n\t\t<div class=\"elementor-element elementor-element-2eeeabb e-con-full e-flex e-con e-child\" data-id=\"2eeeabb\" data-element_type=\"container\" data-e-type=\"container\">\n\t\t\t\t<div class=\"elementor-element elementor-element-2e8ab1c elementor-widget elementor-widget-image\" data-id=\"2e8ab1c\" data-element_type=\"widget\" data-e-type=\"widget\" data-widget_type=\"image.default\">\n\t\t\t\t\t\t\t\t\t\t\t\t\t\t\t\t<a href=\"https:\/\/www.quimicafarvet.com.mx\/site\/farion200\/\">\n\t\t\t\t\t\t\t<img decoding=\"async\" width=\"281\" height=\"300\" src=\"https:\/\/www.quimicafarvet.com.mx\/site\/wp-content\/uploads\/xstore\/xstore-placeholder-300x300.png\" class=\"attachment-medium size-medium wp-image-7569 lazyload lazyload-simple et-lazyload-fadeIn\" alt=\"\" sizes=\"(max-width: 281px) 100vw, 281px\" data-src=\"https:\/\/www.quimicafarvet.com.mx\/site\/wp-content\/uploads\/2026\/01\/farion-200-100ml_comp_web.png\" data-srcset=\"https:\/\/www.quimicafarvet.com.mx\/site\/wp-content\/uploads\/2026\/01\/farion-200-100ml_comp_web.png 281w, https:\/\/www.quimicafarvet.com.mx\/site\/wp-content\/uploads\/2026\/01\/farion-200-100ml_comp_web-1x1.png 1w, https:\/\/www.quimicafarvet.com.mx\/site\/wp-content\/uploads\/2026\/01\/farion-200-100ml_comp_web-10x10.png 10w\" \/>\t\t\t\t\t\t\t\t<\/a>\n\t\t\t\t\t\t\t\t\t\t\t\t\t\t\t<\/div>\n\t\t\t\t<\/div>\n\t\t<div class=\"elementor-element elementor-element-83460b0 e-con-full e-flex e-con e-child\" data-id=\"83460b0\" data-element_type=\"container\" data-e-type=\"container\">\n\t\t<div class=\"elementor-element elementor-element-2506531 e-con-full e-flex e-con e-child\" data-id=\"2506531\" data-element_type=\"container\" data-e-type=\"container\">\n\t\t\t\t<div class=\"elementor-element elementor-element-f5f4e0a elementor-widget elementor-widget-heading\" data-id=\"f5f4e0a\" data-element_type=\"widget\" data-e-type=\"widget\" data-widget_type=\"heading.default\">\n\t\t\t\t\t<h2 class=\"elementor-heading-title elementor-size-default\"><a href=\"https:\/\/www.quimicafarvet.com.mx\/site\/farion200\/\">FARION 200<\/a><\/h2>\t\t\t\t<\/div>\n\t\t\t\t<\/div>\n\t\t<div class=\"elementor-element elementor-element-3ea7afd e-con-full e-flex e-con e-child\" data-id=\"3ea7afd\" data-element_type=\"container\" data-e-type=\"container\">\n\t\t\t\t<div class=\"elementor-element elementor-element-3c4c37e elementor-widget elementor-widget-text-editor\" data-id=\"3c4c37e\" data-element_type=\"widget\" data-e-type=\"widget\" data-widget_type=\"text-editor.default\">\n\t\t\t\t\t\t\t\t\t<div class=\"wp-block-columns is-layout-flex wp-container-core-columns-is-layout-28f84493 wp-block-columns-is-layout-flex\"><div class=\"wp-block-column is-vertically-aligned-bottom is-layout-flow wp-block-column-is-layout-flow\"><p><strong>N\u00daMERO DE REGISTRO Q-5918-054<\/strong><br \/>USO VETERINARIO<br \/>SOLUCI\u00d3N INYECTABLE<br \/>ANTIAN\u00c9MICO<\/p><\/div><div class=\"wp-block-column is-layout-flow wp-block-column-is-layout-flow\"><div class=\"wp-block-image is-style-default\">\u00a0<\/div><\/div><\/div><p><strong>F\u00d3RMULA:<\/strong><\/p><p>Cada mL contiene:<\/p><div class=\"wp-block-group\"><div class=\"wp-block-group__inner-container is-layout-flow wp-block-group-is-layout-flow\"><ul class=\"wp-block-list\"><li>Hierro Dextran \u2026\u2026\u2026\u2026\u2026\u2026\u2026\u2026 200 mg.<\/li><li>Veh\u00edculo c.b.p. \u2026\u2026\u2026\u2026\u2026\u2026\u2026\u2026\u2026 1 mL.<\/li><\/ul><\/div><\/div>\t\t\t\t\t\t\t\t<\/div>\n\t\t\t\t<div class=\"elementor-element elementor-element-5f8124b elementor-align-center elementor-widget elementor-widget-button\" data-id=\"5f8124b\" data-element_type=\"widget\" data-e-type=\"widget\" data-widget_type=\"button.default\">\n\t\t\t\t\t\t\t\t\t\t<a class=\"elementor-button elementor-button-link elementor-size-sm\" href=\"http:\/\/www.quimicafarvet.com.mx\/site\/wp-content\/uploads\/2025\/10\/FARION-200.pdf\">\n\t\t\t\t\t\t<span class=\"elementor-button-content-wrapper\">\n\t\t\t\t\t\t\t\t\t<span class=\"elementor-button-text\">Ficha t\u00e9cnica (PDF)<\/span>\n\t\t\t\t\t<\/span>\n\t\t\t\t\t<\/a>\n\t\t\t\t\t\t\t\t<\/div>\n\t\t\t\t<\/div>\n\t\t\t\t<\/div>\n\t\t\t\t\t<\/div>\n\t\t\t\t<\/div>\n\t\t<div class=\"elementor-element elementor-element-ebde784 e-flex e-con-boxed e-con e-parent\" data-id=\"ebde784\" data-element_type=\"container\" data-e-type=\"container\">\n\t\t\t\t\t<div class=\"e-con-inner\">\n\t\t<div class=\"elementor-element elementor-element-543fd7d e-con-full e-flex e-con e-child\" data-id=\"543fd7d\" data-element_type=\"container\" data-e-type=\"container\">\n\t\t\t\t<div class=\"elementor-element elementor-element-12afc35 elementor-widget elementor-widget-image\" data-id=\"12afc35\" data-element_type=\"widget\" data-e-type=\"widget\" data-widget_type=\"image.default\">\n\t\t\t\t\t\t\t\t\t\t\t\t\t\t\t\t<a href=\"https:\/\/www.quimicafarvet.com.mx\/site\/catovetb12\/\">\n\t\t\t\t\t\t\t<img decoding=\"async\" width=\"216\" height=\"300\" src=\"https:\/\/www.quimicafarvet.com.mx\/site\/wp-content\/uploads\/xstore\/xstore-placeholder-300x300.png\" class=\"attachment-medium size-medium wp-image-7582 lazyload lazyload-simple et-lazyload-fadeIn\" alt=\"\" sizes=\"(max-width: 216px) 100vw, 216px\" data-src=\"https:\/\/www.quimicafarvet.com.mx\/site\/wp-content\/uploads\/2026\/01\/catovet-b12_comp_web.png\" data-srcset=\"https:\/\/www.quimicafarvet.com.mx\/site\/wp-content\/uploads\/2026\/01\/catovet-b12_comp_web.png 216w, https:\/\/www.quimicafarvet.com.mx\/site\/wp-content\/uploads\/2026\/01\/catovet-b12_comp_web-1x1.png 1w, https:\/\/www.quimicafarvet.com.mx\/site\/wp-content\/uploads\/2026\/01\/catovet-b12_comp_web-7x10.png 7w\" \/>\t\t\t\t\t\t\t\t<\/a>\n\t\t\t\t\t\t\t\t\t\t\t\t\t\t\t<\/div>\n\t\t\t\t<\/div>\n\t\t<div class=\"elementor-element elementor-element-bd8b35f e-con-full e-flex e-con e-child\" data-id=\"bd8b35f\" data-element_type=\"container\" data-e-type=\"container\">\n\t\t<div class=\"elementor-element elementor-element-c160f2d e-con-full e-flex e-con e-child\" data-id=\"c160f2d\" data-element_type=\"container\" data-e-type=\"container\">\n\t\t\t\t<div class=\"elementor-element elementor-element-ff21ad0 elementor-widget elementor-widget-heading\" data-id=\"ff21ad0\" data-element_type=\"widget\" data-e-type=\"widget\" data-widget_type=\"heading.default\">\n\t\t\t\t\t<h2 class=\"elementor-heading-title elementor-size-default\"><a href=\"https:\/\/www.quimicafarvet.com.mx\/site\/catovetb12\/\">CATOVET B12<\/a><\/h2>\t\t\t\t<\/div>\n\t\t\t\t<\/div>\n\t\t<div class=\"elementor-element elementor-element-d04dc3d e-con-full e-flex e-con e-child\" data-id=\"d04dc3d\" data-element_type=\"container\" data-e-type=\"container\">\n\t\t\t\t<div class=\"elementor-element elementor-element-3243403 elementor-widget elementor-widget-text-editor\" data-id=\"3243403\" data-element_type=\"widget\" data-e-type=\"widget\" data-widget_type=\"text-editor.default\">\n\t\t\t\t\t\t\t\t\t<div class=\"wp-block-columns is-layout-flex wp-container-core-columns-is-layout-28f84493 wp-block-columns-is-layout-flex\"><div class=\"wp-block-column is-vertically-aligned-bottom is-layout-flow wp-block-column-is-layout-flow\"><p><strong>N\u00daMERO DE REGISTRO Q-5918-089<\/strong><br \/>USO VETERINARIO<br \/>SOLUCI\u00d3N INYECTABLE<br \/>ESTIMULANTE METAB\u00d3LICO A BASE DE F\u00d3SFORO ORG\u00c1NICO, EL CUAL ACT\u00daA COMO PROTECTOR HEP\u00c1TICO<\/p><\/div><div class=\"wp-block-column is-layout-flow wp-block-column-is-layout-flow\"><div class=\"wp-block-image is-style-default\">\u00a0<\/div><\/div><\/div><p><strong>F\u00d3RMULA:<\/strong><\/p><p>Cada 100 mL contienen:<\/p><div class=\"wp-block-group\"><div class=\"wp-block-group__inner-container is-layout-flow wp-block-group-is-layout-flow\"><ul class=\"wp-block-list\"><li>Butafosfan 1 \u2013 metil Fosforoso \u2026\u2026\u2026\u2026\u2026\u2026\u2026.. 10 g.<\/li><li>Vitamina B12 \u2026\u2026\u2026\u2026\u2026\u2026\u2026\u2026\u2026\u2026\u2026\u2026\u2026 0.005 g.<\/li><li>Veh\u00edculo c.b.p. \u2026\u2026\u2026\u2026\u2026\u2026\u2026\u2026\u2026\u2026\u2026\u2026.. 100 mL.<\/li><\/ul><\/div><\/div>\t\t\t\t\t\t\t\t<\/div>\n\t\t\t\t<div class=\"elementor-element elementor-element-1f6e9bf elementor-align-center elementor-widget elementor-widget-button\" data-id=\"1f6e9bf\" data-element_type=\"widget\" data-e-type=\"widget\" data-widget_type=\"button.default\">\n\t\t\t\t\t\t\t\t\t\t<a class=\"elementor-button elementor-button-link elementor-size-sm\" href=\"http:\/\/www.quimicafarvet.com.mx\/site\/wp-content\/uploads\/2025\/10\/CATOVET-B12-Ficha-Tecnica-N.pdf\">\n\t\t\t\t\t\t<span class=\"elementor-button-content-wrapper\">\n\t\t\t\t\t\t\t\t\t<span class=\"elementor-button-text\">Ficha t\u00e9cnica (PDF)<\/span>\n\t\t\t\t\t<\/span>\n\t\t\t\t\t<\/a>\n\t\t\t\t\t\t\t\t<\/div>\n\t\t\t\t<\/div>\n\t\t\t\t<\/div>\n\t\t\t\t\t<\/div>\n\t\t\t\t<\/div>\n\t\t\t\t<\/div>\n\t\t\n    <div class=\"xs_social_share_widget xs_share_url after_content \t\tmain_content  wslu-style-1 wslu-share-box-shaped wslu-fill-colored wslu-none wslu-share-horizontal wslu-theme-font-no wslu-main_content\">\n\n\t\t\n        <ul>\n\t\t\t        <\/ul>\n    <\/div> \n","protected":false},"excerpt":{"rendered":"<p>VITAMINAS HIERRO FARVET\u00ae N\u00daMERO DE REGISTRO Q-5918-012USO VETERINARIOSOLUCI\u00d3N INYECTABLEANTIAN\u00c9MICO \u00a0 F\u00d3RMULA: Cada 100 mL contienen: Hierro dextr\u00e1n \u2026\u2026\u2026\u2026\u2026\u2026\u2026\u2026\u2026 10.0 g. Veh\u00edculo c.b.p. \u2026\u2026\u2026\u2026\u2026\u2026\u2026.. 100.0 mL&#8230;.<\/p>\n","protected":false},"author":1,"featured_media":0,"parent":0,"menu_order":0,"comment_status":"closed","ping_status":"closed","template":"","meta":{"postBodyCss":"","postBodyMargin":[],"postBodyPadding":[],"postBodyBackground":{"backgroundType":"classic","gradient":""},"footnotes":""},"categories":[],"tags":[],"wf_page_folders":[],"class_list":["post-7545","page","type-page","status-publish","hentry"],"_links":{"self":[{"href":"https:\/\/www.quimicafarvet.com.mx\/site\/wp-json\/wp\/v2\/pages\/7545","targetHints":{"allow":["GET"]}}],"collection":[{"href":"https:\/\/www.quimicafarvet.com.mx\/site\/wp-json\/wp\/v2\/pages"}],"about":[{"href":"https:\/\/www.quimicafarvet.com.mx\/site\/wp-json\/wp\/v2\/types\/page"}],"author":[{"embeddable":true,"href":"https:\/\/www.quimicafarvet.com.mx\/site\/wp-json\/wp\/v2\/users\/1"}],"replies":[{"embeddable":true,"href":"https:\/\/www.quimicafarvet.com.mx\/site\/wp-json\/wp\/v2\/comments?post=7545"}],"version-history":[{"count":22,"href":"https:\/\/www.quimicafarvet.com.mx\/site\/wp-json\/wp\/v2\/pages\/7545\/revisions"}],"predecessor-version":[{"id":7593,"href":"https:\/\/www.quimicafarvet.com.mx\/site\/wp-json\/wp\/v2\/pages\/7545\/revisions\/7593"}],"wp:attachment":[{"href":"https:\/\/www.quimicafarvet.com.mx\/site\/wp-json\/wp\/v2\/media?parent=7545"}],"wp:term":[{"taxonomy":"category","embeddable":true,"href":"https:\/\/www.quimicafarvet.com.mx\/site\/wp-json\/wp\/v2\/categories?post=7545"},{"taxonomy":"post_tag","embeddable":true,"href":"https:\/\/www.quimicafarvet.com.mx\/site\/wp-json\/wp\/v2\/tags?post=7545"},{"taxonomy":"wf_page_folders","embeddable":true,"href":"https:\/\/www.quimicafarvet.com.mx\/site\/wp-json\/wp\/v2\/wf_page_folders?post=7545"}],"curies":[{"name":"wp","href":"https:\/\/api.w.org\/{rel}","templated":true}]}}